{"id":3905,"date":"2025-10-02T15:02:19","date_gmt":"2025-10-02T13:02:19","guid":{"rendered":"https:\/\/woinemer-brauerei.de\/contact\/"},"modified":"2026-04-09T10:24:55","modified_gmt":"2026-04-09T08:24:55","slug":"contact","status":"publish","type":"page","link":"https:\/\/woinemer-brauerei.de\/fr\/contact\/","title":{"rendered":"Contact"},"content":{"rendered":"\t\t<div data-elementor-type=\"wp-page\" data-elementor-id=\"3905\" class=\"elementor elementor-3905 elementor-395\" data-elementor-post-type=\"page\">\n\t\t\t\t<div class=\"elementor-element elementor-element-a60fdcb e-flex e-con-boxed e-con e-parent\" data-id=\"a60fdcb\" data-element_type=\"container\" data-e-type=\"container\" data-settings=\"{&quot;background_background&quot;:&quot;classic&quot;}\">\n\t\t\t\t\t<div class=\"e-con-inner\">\n\t\t\t\t\t<\/div>\n\t\t\t\t<\/div>\n\t\t<div class=\"elementor-element elementor-element-3938327 e-flex e-con-boxed e-con e-parent\" data-id=\"3938327\" data-element_type=\"container\" data-e-type=\"container\" data-settings=\"{&quot;background_background&quot;:&quot;classic&quot;}\">\n\t\t\t\t\t<div class=\"e-con-inner\">\n\t\t\t\t<div class=\"elementor-element elementor-element-2dec72b elementor-invisible elementor-widget elementor-widget-heading\" data-id=\"2dec72b\" data-element_type=\"widget\" data-e-type=\"widget\" data-settings=\"{&quot;_animation&quot;:&quot;fadeInDown&quot;}\" data-widget_type=\"heading.default\">\n\t\t\t\t\t<h1 class=\"elementor-heading-title elementor-size-default\">Ton chemin vers nous !<\/h1>\t\t\t\t<\/div>\n\t\t\t\t<div class=\"elementor-element elementor-element-b043ba9 elementor-widget elementor-widget-heading\" data-id=\"b043ba9\" data-element_type=\"widget\" data-e-type=\"widget\" data-widget_type=\"heading.default\">\n\t\t\t\t\t<h3 class=\"elementor-heading-title elementor-size-default\">Nous avons h\u00e2te de t\u2019accueillir<\/h3>\t\t\t\t<\/div>\n\t\t\t\t<div class=\"elementor-element elementor-element-03a6ac4 elementor-widget__width-initial elementor-widget elementor-widget-text-editor\" data-id=\"03a6ac4\" data-element_type=\"widget\" data-e-type=\"widget\" data-widget_type=\"text-editor.default\">\n\t\t\t\t\t\t\t\t\t<p>\u00c0 trois minutes de la gare centrale. Parking directement dans la cour, au 3-Glocken-Center ou \u00e0 la Stadthalle. <\/p>\t\t\t\t\t\t\t\t<\/div>\n\t\t\t\t<div class=\"elementor-element elementor-element-eddd329 elementor-widget elementor-widget-google_maps\" data-id=\"eddd329\" data-element_type=\"widget\" data-e-type=\"widget\" data-widget_type=\"google_maps.default\">\n\t\t\t\t\t\t\t<div class=\"elementor-custom-embed\">\n\t\t\t<iframe loading=\"lazy\"\n\t\t\t\t\tsrc=\"https:\/\/maps.google.com\/maps?q=Friedrichstra%C3%9Fe%2023%2069469%20Weinheim&#038;t=m&#038;z=15&#038;output=embed&#038;iwloc=near\"\n\t\t\t\t\ttitle=\"Friedrichstra\u00dfe 23 69469 Weinheim\"\n\t\t\t\t\taria-label=\"Friedrichstra\u00dfe 23 69469 Weinheim\"\n\t\t\t><\/iframe>\n\t\t<\/div>\n\t\t\t\t\t\t<\/div>\n\t\t\t\t\t<\/div>\n\t\t\t\t<\/div>\n\t\t<div class=\"elementor-element elementor-element-a97e3ad e-flex e-con-boxed e-con e-parent\" data-id=\"a97e3ad\" data-element_type=\"container\" data-e-type=\"container\" data-settings=\"{&quot;background_background&quot;:&quot;classic&quot;}\">\n\t\t\t\t\t<div class=\"e-con-inner\">\n\t\t\t\t<div class=\"elementor-element elementor-element-7107da4 elementor-invisible elementor-widget elementor-widget-heading\" data-id=\"7107da4\" data-element_type=\"widget\" data-e-type=\"widget\" data-settings=\"{&quot;_animation&quot;:&quot;fadeInDown&quot;}\" data-widget_type=\"heading.default\">\n\t\t\t\t\t<h2 class=\"elementor-heading-title elementor-size-default\">En un coup d\u2019\u0153il<\/h2>\t\t\t\t<\/div>\n\t\t\t\t<div class=\"elementor-element elementor-element-0c9be53 elementor-widget elementor-widget-heading\" data-id=\"0c9be53\" data-element_type=\"widget\" data-e-type=\"widget\" data-widget_type=\"heading.default\">\n\t\t\t\t\t<h3 class=\"elementor-heading-title elementor-size-default\">O\u00f9 veux-tu aller ?<\/h3>\t\t\t\t<\/div>\n\t\t<div class=\"elementor-element elementor-element-696579b e-con-full e-grid e-con e-child\" data-id=\"696579b\" data-element_type=\"container\" data-e-type=\"container\">\n\t\t<div class=\"elementor-element elementor-element-3ad51e4 e-con-full e-flex e-con e-child\" data-id=\"3ad51e4\" data-element_type=\"container\" data-e-type=\"container\" data-settings=\"{&quot;background_background&quot;:&quot;classic&quot;}\">\n\t\t\t\t<div class=\"elementor-element elementor-element-a9629f3 elementor-widget elementor-widget-heading\" data-id=\"a9629f3\" data-element_type=\"widget\" data-e-type=\"widget\" data-widget_type=\"heading.default\">\n\t\t\t\t\t<h3 class=\"elementor-heading-title elementor-size-default\">Woinemer Hausbrauerei<\/h3>\t\t\t\t<\/div>\n\t\t\t\t<div class=\"elementor-element elementor-element-b919295 elementor-widget__width-initial elementor-widget elementor-widget-text-editor\" data-id=\"b919295\" data-element_type=\"widget\" data-e-type=\"widget\" data-widget_type=\"text-editor.default\">\n\t\t\t\t\t\t\t\t\t<p>Tu pr\u00e9vois une f\u00eate, une table d\u2019habitu\u00e9s, une f\u00eate d\u2019entreprise ou tu veux simplement bien manger en famille ?<\/p><p><strong>Alors appelle-nous !<\/strong> <br>Nous te conseillerons avec plaisir !<\/p><p><strong>T\u00e9l\u00e9phone : <\/strong> <a href=\"tel:%20+49%206201%2012001\">0 62 01 \/ 1 20 01<\/a><\/p><p><strong>E-mail :<\/strong> <a href=\"mailto:info@woinemer.de\">info@woinemer.de<\/a><\/p>\t\t\t\t\t\t\t\t<\/div>\n\t\t\t\t<\/div>\n\t\t<div class=\"elementor-element elementor-element-cabf18f e-con-full e-flex e-con e-child\" data-id=\"cabf18f\" data-element_type=\"container\" data-e-type=\"container\" data-settings=\"{&quot;background_background&quot;:&quot;classic&quot;}\">\n\t\t\t\t<div class=\"elementor-element elementor-element-712b084 elementor-widget elementor-widget-heading\" data-id=\"712b084\" data-element_type=\"widget\" data-e-type=\"widget\" data-widget_type=\"heading.default\">\n\t\t\t\t\t<h3 class=\"elementor-heading-title elementor-size-default\"><a href=\"https:\/\/plato-eventlocation.de\/\" target=\"_blank\" rel=\"noopener\">Nos horaires d\u2019ouverture<\/a><\/h3>\t\t\t\t<\/div>\n\t\t\t\t<div class=\"elementor-element elementor-element-7a9106c elementor-hidden-tablet elementor-hidden-mobile elementor-widget elementor-widget-text-editor\" data-id=\"7a9106c\" data-element_type=\"widget\" data-e-type=\"widget\" data-widget_type=\"text-editor.default\">\n\t\t\t\t\t\t\t\t\t<p><strong>Lundi \u2013 samedi : <\/strong>12h \u00e0 23h<br><strong>Dimanche : <\/strong>12h \u00e0 22h<br>\u00b7 \u00b7 \u00b7 \u00b7 \u00b7 \u00b7 \u00b7<br><strong><span style=\"color: #ba9f5c;\">CUISINE<\/span><br>Lundi \u2013 jeudi : <\/strong>12h \u00e0 21h<br><strong>Vendredi &amp; samedi : <\/strong>12h \u00e0 21h30<br><strong>Dimanche :<\/strong> 12h \u00e0 20h30<\/p>\t\t\t\t\t\t\t\t<\/div>\n\t\t\t\t<div class=\"elementor-element elementor-element-a759f26 elementor-hidden-desktop elementor-widget elementor-widget-text-editor\" data-id=\"a759f26\" data-element_type=\"widget\" data-e-type=\"widget\" data-widget_type=\"text-editor.default\">\n\t\t\t\t\t\t\t\t\t<p><strong>Lundi \u2013 samedi : <br><\/strong>12h \u00e0 23h<br><strong>Dimanche : <br><\/strong>12h \u00e0 22h<br>\u00b7 \u00b7 \u00b7 \u00b7 \u00b7 \u00b7 \u00b7<br><strong><span style=\"color: #ba9f5c;\">CUISINE<\/span><br>Lundi \u2013 jeudi :<\/strong> <br>12h \u00e0 21h<br><strong>Vendredi &amp; samedi : <br><\/strong>12h \u00e0 21h30<br><strong>Dimanche :<\/strong> 12h \u00e0 20h30<\/p>\t\t\t\t\t\t\t\t<\/div>\n\t\t\t\t<\/div>\n\t\t<div class=\"elementor-element elementor-element-1e0fadc e-con-full e-flex e-con e-child\" data-id=\"1e0fadc\" data-element_type=\"container\" data-e-type=\"container\" data-settings=\"{&quot;background_background&quot;:&quot;classic&quot;}\">\n\t\t\t\t<div class=\"elementor-element elementor-element-b7159e3 elementor-widget elementor-widget-heading\" data-id=\"b7159e3\" data-element_type=\"widget\" data-e-type=\"widget\" data-widget_type=\"heading.default\">\n\t\t\t\t\t<h3 class=\"elementor-heading-title elementor-size-default\"><a href=\"https:\/\/shop.woinemer-brauerei.de\/\">Ligne directe<\/a><\/h3>\t\t\t\t<\/div>\n\t\t\t\t<div class=\"elementor-element elementor-element-f8eaa44 elementor-widget elementor-widget-text-editor\" data-id=\"f8eaa44\" data-element_type=\"widget\" data-e-type=\"widget\" data-widget_type=\"text-editor.default\">\n\t\t\t\t\t\t\t\t\t<p><a href=\"mailto:info@woinemer.de\">info@woinemer.de<\/a><br>Friedrichstra\u00dfe 23 \u00b7 69469 Weinheim<\/p><p><span style=\"text-decoration: underline;\"><strong><a href=\"https:\/\/woinemer-brauerei.de\/fr\/auberge-woinemer\/reservation\/\">R\u00e9servation de table<\/a><\/strong><\/span><\/p>\t\t\t\t\t\t\t\t<\/div>\n\t\t\t\t<\/div>\n\t\t<div class=\"elementor-element elementor-element-e6d4dcb e-con-full e-flex e-con e-child\" data-id=\"e6d4dcb\" data-element_type=\"container\" data-e-type=\"container\" data-settings=\"{&quot;background_background&quot;:&quot;classic&quot;}\">\n\t\t\t\t<div class=\"elementor-element elementor-element-b459c6a elementor-widget elementor-widget-heading\" data-id=\"b459c6a\" data-element_type=\"widget\" data-e-type=\"widget\" data-widget_type=\"heading.default\">\n\t\t\t\t\t<h3 class=\"elementor-heading-title elementor-size-default\"><a href=\"https:\/\/shop.woinemer-brauerei.de\/\">Bureau &amp; conseil<\/a><\/h3>\t\t\t\t<\/div>\n\t\t\t\t<div class=\"elementor-element elementor-element-daf8c42 elementor-widget-mobile__width-initial elementor-hidden-tablet elementor-hidden-mobile elementor-widget elementor-widget-text-editor\" data-id=\"daf8c42\" data-element_type=\"widget\" data-e-type=\"widget\" data-widget_type=\"text-editor.default\">\n\t\t\t\t\t\t\t\t\t<p>Nous sommes joignables du lundi au vendredi de <br>9h \u00e0 15h et nous te conseillerons avec plaisir !<\/p><p>Tu cherches un emploi ? <span style=\"text-decoration: underline;\"><strong><a href=\"https:\/\/woinemer-brauerei.de\/job-openings\/\">Postule d\u00e8s maintenant !<\/a><\/strong><\/span><\/p>\t\t\t\t\t\t\t\t<\/div>\n\t\t\t\t<div class=\"elementor-element elementor-element-35873cc elementor-widget-mobile__width-initial elementor-hidden-desktop elementor-widget elementor-widget-text-editor\" data-id=\"35873cc\" data-element_type=\"widget\" data-e-type=\"widget\" data-widget_type=\"text-editor.default\">\n\t\t\t\t\t\t\t\t\t<p>Nous sommes joignables du lundi au vendredi de 9h \u00e0 15h<br>et nous te conseillerons avec plaisir !<\/p><p>Tu cherches un emploi ? <br><span style=\"text-decoration: underline;\"><strong><a href=\"https:\/\/woinemer-brauerei.de\/job-openings\/\">Postule d\u00e8s maintenant !<\/a><\/strong><\/span><\/p>\t\t\t\t\t\t\t\t<\/div>\n\t\t\t\t<\/div>\n\t\t\t\t<\/div>\n\t\t\t\t\t<\/div>\n\t\t\t\t<\/div>\n\t\t\t\t<\/div>\n\t\t","protected":false},"excerpt":{"rendered":"<p>Ton chemin vers nous ! Nous avons h\u00e2te de t\u2019accueillir \u00c0 trois minutes de la gare centrale. Parking directement dans la cour, au 3-Glocken-Center ou \u00e0 la Stadthalle. En un coup d\u2019\u0153il O\u00f9 veux-tu aller ? Woinemer Hausbrauerei Tu pr\u00e9vois une f\u00eate, une table d\u2019habitu\u00e9s, une f\u00eate d\u2019entreprise ou tu veux simplement bien manger en [&hellip;]<\/p>\n","protected":false},"author":1,"featured_media":0,"parent":0,"menu_order":0,"comment_status":"closed","ping_status":"closed","template":"elementor_header_footer","meta":{"footnotes":""},"class_list":["post-3905","page","type-page","status-publish","hentry"],"_links":{"self":[{"href":"https:\/\/woinemer-brauerei.de\/fr\/wp-json\/wp\/v2\/pages\/3905","targetHints":{"allow":["GET"]}}],"collection":[{"href":"https:\/\/woinemer-brauerei.de\/fr\/wp-json\/wp\/v2\/pages"}],"about":[{"href":"https:\/\/woinemer-brauerei.de\/fr\/wp-json\/wp\/v2\/types\/page"}],"author":[{"embeddable":true,"href":"https:\/\/woinemer-brauerei.de\/fr\/wp-json\/wp\/v2\/users\/1"}],"replies":[{"embeddable":true,"href":"https:\/\/woinemer-brauerei.de\/fr\/wp-json\/wp\/v2\/comments?post=3905"}],"version-history":[{"count":1,"href":"https:\/\/woinemer-brauerei.de\/fr\/wp-json\/wp\/v2\/pages\/3905\/revisions"}],"predecessor-version":[{"id":3907,"href":"https:\/\/woinemer-brauerei.de\/fr\/wp-json\/wp\/v2\/pages\/3905\/revisions\/3907"}],"wp:attachment":[{"href":"https:\/\/woinemer-brauerei.de\/fr\/wp-json\/wp\/v2\/media?parent=3905"}],"curies":[{"name":"wp","href":"https:\/\/api.w.org\/{rel}","templated":true}]}}