{"id":3884,"date":"2025-10-14T11:44:44","date_gmt":"2025-10-14T09:44:44","guid":{"rendered":"https:\/\/woinemer-brauerei.de\/bons-cadeaux-woinemer\/"},"modified":"2026-04-09T10:24:19","modified_gmt":"2026-04-09T08:24:19","slug":"bons-cadeaux-woinemer","status":"publish","type":"page","link":"https:\/\/woinemer-brauerei.de\/fr\/auberge-woinemer\/bons-cadeaux-woinemer\/","title":{"rendered":"Bons cadeaux Woinemer"},"content":{"rendered":"\t\t<div data-elementor-type=\"wp-page\" data-elementor-id=\"3884\" class=\"elementor elementor-3884 elementor-633\" data-elementor-post-type=\"page\">\n\t\t\t\t<div class=\"elementor-element elementor-element-01719d6 e-flex e-con-boxed e-con e-parent\" data-id=\"01719d6\" data-element_type=\"container\" data-e-type=\"container\" data-settings=\"{&quot;background_background&quot;:&quot;classic&quot;}\">\n\t\t\t\t\t<div class=\"e-con-inner\">\n\t\t\t\t\t<\/div>\n\t\t\t\t<\/div>\n\t\t<div class=\"elementor-element elementor-element-bad7687 e-flex e-con-boxed e-con e-parent\" data-id=\"bad7687\" data-element_type=\"container\" data-e-type=\"container\" data-settings=\"{&quot;background_background&quot;:&quot;classic&quot;}\">\n\t\t\t\t\t<div class=\"e-con-inner\">\n\t\t\t\t<div class=\"elementor-element elementor-element-c5687aa elementor-invisible elementor-widget elementor-widget-heading\" data-id=\"c5687aa\" data-element_type=\"widget\" data-e-type=\"widget\" data-settings=\"{&quot;_animation&quot;:&quot;fadeInDown&quot;}\" data-widget_type=\"heading.default\">\n\t\t\t\t\t<h1 class=\"elementor-heading-title elementor-size-default\">\"On offre \u00e0 ses bons amis...\"<\/h1>\t\t\t\t<\/div>\n\t\t\t\t<div class=\"elementor-element elementor-element-c9c88a9 elementor-widget elementor-widget-text-editor\" data-id=\"c9c88a9\" data-element_type=\"widget\" data-e-type=\"widget\" data-widget_type=\"text-editor.default\">\n\t\t\t\t\t\t\t\t\t<p>&#8230; un bon cadeau pour le restaurant de la brasserie artisanale WOINEMER.<br>Le cadeau id\u00e9al pour passer une soir\u00e9e conviviale ensemble autour d&rsquo;une bonne bi\u00e8re et d&rsquo;un bon repas ! <\/p><p><span style=\"color: #ba9f5c;\">(Attention : ce bon n&rsquo;est pas valable pour notre boutique en ligne et nos \u00e9v\u00e9nements ! Tu le trouveras <a style=\"color: #ba9f5c;\" href=\"https:\/\/shop.woinemer-brauerei.de\/produkt\/gutscheinkarte\/\">ici !<\/a>) <\/span><\/p>\t\t\t\t\t\t\t\t<\/div>\n\t\t<div class=\"elementor-element elementor-element-ce4c623 e-con-full e-flex e-con e-child\" data-id=\"ce4c623\" data-element_type=\"container\" data-e-type=\"container\">\n\t\t\t\t<div class=\"elementor-element elementor-element-9be33d5 elementor-widget elementor-widget-html\" data-id=\"9be33d5\" data-element_type=\"widget\" data-e-type=\"widget\" data-widget_type=\"html.default\">\n\t\t\t\t\t<p><script type=\"text\/javascript\" src=\"https:\/\/services.gastronovi.com\/restaurants\/112497\/scripts\/reservation\/entry\/voucher?L=de\" async=\"\"><\/script><\/p>\n\t\t\t\t<\/div>\n\t\t\t\t<\/div>\n\t\t\t\t\t<\/div>\n\t\t\t\t<\/div>\n\t\t\t\t<\/div>\n\t\t","protected":false},"excerpt":{"rendered":"<p>\u00ab\u00a0On offre \u00e0 ses bons amis&#8230;\u00a0\u00bb &#8230; un bon cadeau pour le restaurant de la brasserie artisanale WOINEMER.Le cadeau id\u00e9al pour passer une soir\u00e9e conviviale ensemble autour d&rsquo;une bonne bi\u00e8re et d&rsquo;un bon repas ! (Attention : ce bon n&rsquo;est pas valable pour notre boutique en ligne et nos \u00e9v\u00e9nements ! Tu le trouveras ici [&hellip;]<\/p>\n","protected":false},"author":1,"featured_media":0,"parent":3890,"menu_order":0,"comment_status":"closed","ping_status":"closed","template":"elementor_header_footer","meta":{"footnotes":""},"class_list":["post-3884","page","type-page","status-publish","hentry"],"_links":{"self":[{"href":"https:\/\/woinemer-brauerei.de\/fr\/wp-json\/wp\/v2\/pages\/3884","targetHints":{"allow":["GET"]}}],"collection":[{"href":"https:\/\/woinemer-brauerei.de\/fr\/wp-json\/wp\/v2\/pages"}],"about":[{"href":"https:\/\/woinemer-brauerei.de\/fr\/wp-json\/wp\/v2\/types\/page"}],"author":[{"embeddable":true,"href":"https:\/\/woinemer-brauerei.de\/fr\/wp-json\/wp\/v2\/users\/1"}],"replies":[{"embeddable":true,"href":"https:\/\/woinemer-brauerei.de\/fr\/wp-json\/wp\/v2\/comments?post=3884"}],"version-history":[{"count":1,"href":"https:\/\/woinemer-brauerei.de\/fr\/wp-json\/wp\/v2\/pages\/3884\/revisions"}],"predecessor-version":[{"id":3886,"href":"https:\/\/woinemer-brauerei.de\/fr\/wp-json\/wp\/v2\/pages\/3884\/revisions\/3886"}],"up":[{"embeddable":true,"href":"https:\/\/woinemer-brauerei.de\/fr\/wp-json\/wp\/v2\/pages\/3890"}],"wp:attachment":[{"href":"https:\/\/woinemer-brauerei.de\/fr\/wp-json\/wp\/v2\/media?parent=3884"}],"curies":[{"name":"wp","href":"https:\/\/api.w.org\/{rel}","templated":true}]}}