{"id":3687,"date":"2025-10-14T11:51:33","date_gmt":"2025-10-14T09:51:33","guid":{"rendered":"https:\/\/woinemer-brauerei.de\/a-propos-de-nous\/"},"modified":"2026-04-09T10:17:45","modified_gmt":"2026-04-09T08:17:45","slug":"a-propos-de-nous","status":"publish","type":"page","link":"https:\/\/woinemer-brauerei.de\/fr\/a-propos-de-nous\/","title":{"rendered":"\u00c0 propos de nous"},"content":{"rendered":"\t\t<div data-elementor-type=\"wp-page\" data-elementor-id=\"3687\" class=\"elementor elementor-3687 elementor-649\" data-elementor-post-type=\"page\">\n\t\t\t\t<div class=\"elementor-element elementor-element-eeb2a2b e-flex e-con-boxed e-con e-parent\" data-id=\"eeb2a2b\" data-element_type=\"container\" data-e-type=\"container\" data-settings=\"{&quot;background_background&quot;:&quot;classic&quot;}\">\n\t\t\t\t\t<div class=\"e-con-inner\">\n\t\t\t\t\t<\/div>\n\t\t\t\t<\/div>\n\t\t<div class=\"elementor-element elementor-element-a896bdb e-flex e-con-boxed e-con e-parent\" data-id=\"a896bdb\" data-element_type=\"container\" data-e-type=\"container\" data-settings=\"{&quot;background_background&quot;:&quot;classic&quot;}\">\n\t\t\t\t\t<div class=\"e-con-inner\">\n\t\t\t\t<div class=\"elementor-element elementor-element-132a341 elementor-invisible elementor-widget elementor-widget-heading\" data-id=\"132a341\" data-element_type=\"widget\" data-e-type=\"widget\" data-settings=\"{&quot;_animation&quot;:&quot;fadeInDown&quot;}\" data-widget_type=\"heading.default\">\n\t\t\t\t\t<h1 class=\"elementor-heading-title elementor-size-default\">Notre vision et notre mission<\/h1>\t\t\t\t<\/div>\n\t\t\t\t<div class=\"elementor-element elementor-element-c476b54 elementor-widget elementor-widget-heading\" data-id=\"c476b54\" data-element_type=\"widget\" data-e-type=\"widget\" data-widget_type=\"heading.default\">\n\t\t\t\t\t<h3 class=\"elementor-heading-title elementor-size-default\">Nous avons de la vapeur dans la chaudi\u00e8re.<br>Un art brassicole authentique et ind\u00e9pendant pour les Woinemer.<\/h3>\t\t\t\t<\/div>\n\t\t<div class=\"elementor-element elementor-element-9598705 e-con-full e-flex e-con e-child\" data-id=\"9598705\" data-element_type=\"container\" data-e-type=\"container\">\n\t\t\t\t<div class=\"elementor-element elementor-element-8fe8a6f e-transform elementor-invisible elementor-widget elementor-widget-image\" data-id=\"8fe8a6f\" data-element_type=\"widget\" data-e-type=\"widget\" data-settings=\"{&quot;_animation&quot;:&quot;fadeInLeft&quot;,&quot;_transform_flipX_effect&quot;:&quot;transform&quot;,&quot;_animation_mobile&quot;:&quot;none&quot;}\" data-widget_type=\"image.default\">\n\t\t\t\t\t\t\t\t\t\t\t\t\t\t\t<img fetchpriority=\"high\" decoding=\"async\" width=\"1459\" height=\"1459\" src=\"https:\/\/woinemer-brauerei.de\/wp-content\/uploads\/2026\/04\/vision.png\" class=\"attachment-full size-full wp-image-3692\" alt=\"\" srcset=\"https:\/\/woinemer-brauerei.de\/wp-content\/uploads\/2026\/04\/vision.png 1459w, https:\/\/woinemer-brauerei.de\/wp-content\/uploads\/2026\/04\/vision-300x300.png 300w, https:\/\/woinemer-brauerei.de\/wp-content\/uploads\/2026\/04\/vision-1024x1024.png 1024w, https:\/\/woinemer-brauerei.de\/wp-content\/uploads\/2026\/04\/vision-150x150.png 150w, https:\/\/woinemer-brauerei.de\/wp-content\/uploads\/2026\/04\/vision-768x768.png 768w, https:\/\/woinemer-brauerei.de\/wp-content\/uploads\/2026\/04\/vision-1320x1320.png 1320w\" sizes=\"(max-width: 1459px) 100vw, 1459px\" \/>\t\t\t\t\t\t\t\t\t\t\t\t\t\t\t<\/div>\n\t\t<div class=\"elementor-element elementor-element-7b0fc41 e-con-full e-flex elementor-invisible e-con e-child\" data-id=\"7b0fc41\" data-element_type=\"container\" data-e-type=\"container\" data-settings=\"{&quot;background_background&quot;:&quot;classic&quot;,&quot;animation&quot;:&quot;fadeInRight&quot;,&quot;animation_mobile&quot;:&quot;none&quot;}\">\n\t\t\t\t<div class=\"elementor-element elementor-element-ead60ce elementor-widget elementor-widget-heading\" data-id=\"ead60ce\" data-element_type=\"widget\" data-e-type=\"widget\" data-widget_type=\"heading.default\">\n\t\t\t\t\t<h3 class=\"elementor-heading-title elementor-size-default\">Notre vision<\/h3>\t\t\t\t<\/div>\n\t\t\t\t<div class=\"elementor-element elementor-element-5378b44 elementor-widget elementor-widget-heading\" data-id=\"5378b44\" data-element_type=\"widget\" data-e-type=\"widget\" data-widget_type=\"heading.default\">\n\t\t\t\t\t<h2 class=\"elementor-heading-title elementor-size-default\">Nous, les Woinemer, avons la vision d'\u00eatre et de rester toujours authentiques et innovants.<\/h2>\t\t\t\t<\/div>\n\t\t\t\t<div class=\"elementor-element elementor-element-54d6a8d elementor-widget elementor-widget-text-editor\" data-id=\"54d6a8d\" data-element_type=\"widget\" data-e-type=\"widget\" data-widget_type=\"text-editor.default\">\n\t\t\t\t\t\t\t\t\t<p>Pour cela, nous voulons travailler de mani\u00e8re coh\u00e9rente afin de pouvoir toujours proposer \u00e0 nos clients des produits Woinemer de haute qualit\u00e9, adapt\u00e9s \u00e0 l&rsquo;\u00e9poque et innovants. Nous encourageons constamment le d\u00e9veloppement de nouveaut\u00e9s Woinemer afin d&rsquo;adapter et d&rsquo;\u00e9largir notre gamme de produits aux besoins de nos clients. En m\u00eame temps, nous attachons la plus grande importance \u00e0 une fabrication constamment excellente de nos bi\u00e8res classiques premium.  <\/p>\t\t\t\t\t\t\t\t<\/div>\n\t\t\t\t<\/div>\n\t\t\t\t<\/div>\n\t\t<div class=\"elementor-element elementor-element-3c279a7 e-con-full e-flex e-con e-child\" data-id=\"3c279a7\" data-element_type=\"container\" data-e-type=\"container\">\n\t\t<div class=\"elementor-element elementor-element-764026f e-con-full e-flex elementor-invisible e-con e-child\" data-id=\"764026f\" data-element_type=\"container\" data-e-type=\"container\" data-settings=\"{&quot;background_background&quot;:&quot;classic&quot;,&quot;animation&quot;:&quot;fadeInLeft&quot;,&quot;animation_mobile&quot;:&quot;none&quot;}\">\n\t\t\t\t<div class=\"elementor-element elementor-element-8c8dc78 elementor-widget elementor-widget-heading\" data-id=\"8c8dc78\" data-element_type=\"widget\" data-e-type=\"widget\" data-widget_type=\"heading.default\">\n\t\t\t\t\t<h3 class=\"elementor-heading-title elementor-size-default\">Notre mission<\/h3>\t\t\t\t<\/div>\n\t\t\t\t<div class=\"elementor-element elementor-element-1b5727a elementor-widget elementor-widget-heading\" data-id=\"1b5727a\" data-element_type=\"widget\" data-e-type=\"widget\" data-widget_type=\"heading.default\">\n\t\t\t\t\t<h2 class=\"elementor-heading-title elementor-size-default\">Notre mission est d'\u00eatre une manufacture de brasserie innovante.<\/h2>\t\t\t\t<\/div>\n\t\t\t\t<div class=\"elementor-element elementor-element-95e117e elementor-widget elementor-widget-text-editor\" data-id=\"95e117e\" data-element_type=\"widget\" data-e-type=\"widget\" data-widget_type=\"text-editor.default\">\n\t\t\t\t\t\t\t\t\t<p>Nous poursuivons avec la plus grande passion la mission d&rsquo;\u00eatre, gr\u00e2ce \u00e0 la fabrication de haute qualit\u00e9 de nos bi\u00e8res classiques, l&rsquo;une des brasseries les plus authentiques et, avec nos extensions de produits exclusives, une manufacture de brasserie innovante. Nous avons l&rsquo;ambition de faire de nos bi\u00e8res un plaisir pour tous les sens, avec le plus grand soin et les meilleures mati\u00e8res premi\u00e8res. Cela commence par la s\u00e9lection des mati\u00e8res premi\u00e8res les plus fines, se poursuit par une fabrication douce et se termine par l&#8217;embouteillage.  <\/p>\t\t\t\t\t\t\t\t<\/div>\n\t\t\t\t<\/div>\n\t\t\t\t<div class=\"elementor-element elementor-element-32a563b elementor-invisible elementor-widget elementor-widget-image\" data-id=\"32a563b\" data-element_type=\"widget\" data-e-type=\"widget\" data-settings=\"{&quot;_animation&quot;:&quot;fadeInRight&quot;,&quot;_animation_mobile&quot;:&quot;fadeIn&quot;}\" data-widget_type=\"image.default\">\n\t\t\t\t\t\t\t\t\t\t\t\t\t\t\t<img decoding=\"async\" width=\"1459\" height=\"1459\" src=\"https:\/\/woinemer-brauerei.de\/wp-content\/uploads\/2026\/03\/biere.png\" class=\"attachment-full size-full wp-image-3694\" alt=\"\" srcset=\"https:\/\/woinemer-brauerei.de\/wp-content\/uploads\/2026\/03\/biere.png 1459w, https:\/\/woinemer-brauerei.de\/wp-content\/uploads\/2026\/03\/biere-300x300.png 300w, https:\/\/woinemer-brauerei.de\/wp-content\/uploads\/2026\/03\/biere-1024x1024.png 1024w, https:\/\/woinemer-brauerei.de\/wp-content\/uploads\/2026\/03\/biere-150x150.png 150w, https:\/\/woinemer-brauerei.de\/wp-content\/uploads\/2026\/03\/biere-768x768.png 768w, https:\/\/woinemer-brauerei.de\/wp-content\/uploads\/2026\/03\/biere-1320x1320.png 1320w\" sizes=\"(max-width: 1459px) 100vw, 1459px\" \/>\t\t\t\t\t\t\t\t\t\t\t\t\t\t\t<\/div>\n\t\t\t\t<\/div>\n\t\t\t\t\t<\/div>\n\t\t\t\t<\/div>\n\t\t<div class=\"elementor-element elementor-element-1e76b2a e-flex e-con-boxed e-con e-parent\" data-id=\"1e76b2a\" data-element_type=\"container\" data-e-type=\"container\" data-settings=\"{&quot;background_background&quot;:&quot;classic&quot;}\">\n\t\t\t\t\t<div class=\"e-con-inner\">\n\t\t\t\t<div class=\"elementor-element elementor-element-0bd8b87 elementor-invisible elementor-widget elementor-widget-heading\" data-id=\"0bd8b87\" data-element_type=\"widget\" data-e-type=\"widget\" data-settings=\"{&quot;_animation&quot;:&quot;fadeInDown&quot;}\" data-widget_type=\"heading.default\">\n\t\t\t\t\t<h2 class=\"elementor-heading-title elementor-size-default\">Histoire Woinemer<\/h2>\t\t\t\t<\/div>\n\t\t\t\t<div class=\"elementor-element elementor-element-f05f58b elementor-widget elementor-widget-heading\" data-id=\"f05f58b\" data-element_type=\"widget\" data-e-type=\"widget\" data-widget_type=\"heading.default\">\n\t\t\t\t\t<h3 class=\"elementor-heading-title elementor-size-default\">Manufacture brassicole et histoire de la maison<\/h3>\t\t\t\t<\/div>\n\t\t\t\t\t<\/div>\n\t\t\t\t<\/div>\n\t\t<div class=\"elementor-element elementor-element-35818a5 e-flex e-con-boxed e-con e-parent\" data-id=\"35818a5\" data-element_type=\"container\" data-e-type=\"container\" data-settings=\"{&quot;background_background&quot;:&quot;classic&quot;}\">\n\t\t\t\t\t<div class=\"e-con-inner\">\n\t\t<div class=\"elementor-element elementor-element-ce4614b e-con-full e-flex e-con e-child\" data-id=\"ce4614b\" data-element_type=\"container\" data-e-type=\"container\">\n\t\t\t\t<div class=\"elementor-element elementor-element-953343e elementor-widget elementor-widget-image\" data-id=\"953343e\" data-element_type=\"widget\" data-e-type=\"widget\" data-widget_type=\"image.default\">\n\t\t\t\t\t\t\t\t\t\t\t\t\t\t\t<img decoding=\"async\" width=\"500\" height=\"375\" src=\"https:\/\/woinemer-brauerei.de\/wp-content\/uploads\/2025\/10\/Nostalgie-Geshichte.jpg\" class=\"attachment-large size-large wp-image-3689\" alt=\"\" srcset=\"https:\/\/woinemer-brauerei.de\/wp-content\/uploads\/2025\/10\/Nostalgie-Geshichte.jpg 500w, https:\/\/woinemer-brauerei.de\/wp-content\/uploads\/2025\/10\/Nostalgie-Geshichte-300x225.jpg 300w\" sizes=\"(max-width: 500px) 100vw, 500px\" \/>\t\t\t\t\t\t\t\t\t\t\t\t\t\t\t<\/div>\n\t\t\t\t<\/div>\n\t\t<div class=\"elementor-element elementor-element-01b981f e-con-full e-flex e-con e-child\" data-id=\"01b981f\" data-element_type=\"container\" data-e-type=\"container\">\n\t\t\t\t<div class=\"elementor-element elementor-element-f0f1b27 elementor-widget elementor-widget-heading\" data-id=\"f0f1b27\" data-element_type=\"widget\" data-e-type=\"widget\" data-widget_type=\"heading.default\">\n\t\t\t\t\t<h2 class=\"elementor-heading-title elementor-size-default\">La Woinemer Hausbrauerei<\/h2>\t\t\t\t<\/div>\n\t\t\t\t<div class=\"elementor-element elementor-element-f3d7ddc elementor-widget elementor-widget-text-editor\" data-id=\"f3d7ddc\" data-element_type=\"widget\" data-e-type=\"widget\" data-widget_type=\"text-editor.default\">\n\t\t\t\t\t\t\t\t\t<p>Nous sommes synonymes d&rsquo;art brassicole authentique et ind\u00e9pendant et de plaisir exclusif de la bi\u00e8re. Dans notre manufacture de brasserie \u00e0 Weinheim, sur la Bergstra\u00dfe, nous veillons depuis de nombreuses ann\u00e9es \u00e0 ce que les meilleures mati\u00e8res premi\u00e8res, l&rsquo;artisanat traditionnel et les id\u00e9es innovantes donnent naissance \u00e0 des bi\u00e8res (et spiritueux) de premi\u00e8re classe. <\/p><p>Des bi\u00e8res telles qu&rsquo;elles devraient \u00eatre : parfaitement artisanales et au go\u00fbt unique.<\/p><p>Le brassage est un artisanat. Une tradition qui s&rsquo;est d\u00e9velopp\u00e9e au fil des g\u00e9n\u00e9rations, marqu\u00e9e par la cr\u00e9ativit\u00e9 et la passion des ma\u00eetres brasseurs. Des personnes qui se sont engag\u00e9es envers un objectif commun :  <\/p>\t\t\t\t\t\t\t\t<\/div>\n\t\t\t\t<\/div>\n\t\t\t\t\t<\/div>\n\t\t\t\t<\/div>\n\t\t<div class=\"elementor-element elementor-element-3e8222b e-flex e-con-boxed e-con e-parent\" data-id=\"3e8222b\" data-element_type=\"container\" data-e-type=\"container\" data-settings=\"{&quot;background_background&quot;:&quot;classic&quot;}\">\n\t\t\t\t\t<div class=\"e-con-inner\">\n\t\t\t\t<div class=\"elementor-element elementor-element-c472ad9 elementor-invisible elementor-widget elementor-widget-heading\" data-id=\"c472ad9\" data-element_type=\"widget\" data-e-type=\"widget\" data-settings=\"{&quot;_animation&quot;:&quot;fadeInDown&quot;}\" data-widget_type=\"heading.default\">\n\t\t\t\t\t<h2 class=\"elementor-heading-title elementor-size-default\">D\u00e9veloppement de notre manufacture de brasserie<\/h2>\t\t\t\t<\/div>\n\t\t\t\t<div class=\"elementor-element elementor-element-915eddd elementor-widget elementor-widget-heading\" data-id=\"915eddd\" data-element_type=\"widget\" data-e-type=\"widget\" data-widget_type=\"heading.default\">\n\t\t\t\t\t<h3 class=\"elementor-heading-title elementor-size-default\">2000 \u00e0 aujourd'hui.<\/h3>\t\t\t\t<\/div>\n\t\t\t\t\t<\/div>\n\t\t\t\t<\/div>\n\t\t<div class=\"elementor-element elementor-element-e671938 e-flex e-con-boxed e-con e-parent\" data-id=\"e671938\" data-element_type=\"container\" data-e-type=\"container\" data-settings=\"{&quot;background_background&quot;:&quot;classic&quot;}\">\n\t\t\t\t\t<div class=\"e-con-inner\">\n\t\t<div class=\"elementor-element elementor-element-068169f e-con-full e-flex e-con e-child\" data-id=\"068169f\" data-element_type=\"container\" data-e-type=\"container\">\n\t\t\t\t<div class=\"elementor-element elementor-element-981e543 elementor-widget elementor-widget-html\" data-id=\"981e543\" data-element_type=\"widget\" data-e-type=\"widget\" data-widget_type=\"html.default\">\n\t\t\t\t\t<style>\n.timeline-container {\n  position: relative;\n  border-left: 2px solid #BA9F5C;\n  padding-left: 30px;\n  margin-left: 10px;\n}\n\n.timeline-item {\n  margin-bottom: 40px;\n}\n\n.timeline-item h4 {\n  margin: 0 0 5px;\n  font-weight: bold;\n  color: #BA9F5C;\n}\n\n.timeline-item p {\n  margin: 0;\n  color: white;\n}\n<\/style>\n\n<div class=\"timeline-container\">\n  <div class=\"timeline-item\">\n    <h4>2000<\/h4>\n    <p>Mise en bouteille dans des bouteilles traditionnelles \u00e0 bouchon m\u00e9canique \u2013 la bi\u00e8re Woinemer est d\u00e9sormais \u00e9galement disponible dans le commerce r\u00e9gional \u2013 la marque Plob est n\u00e9e<\/p>\n  <\/div>\n  <div class=\"timeline-item\">\n    <h4>2009<\/h4>\n    <p>1\u00e8re Flossfahrt Woinemer \u2013 suivront 2013 et 2017<\/p>\n  <\/div>\n  <div class=\"timeline-item\">\n    <h4>31.10.2010<\/h4>\n    <p>Premi\u00e8re de la Woinemer Lokalrunde \u2013 le 1er coup de f\u00fbt politique avec un ensemble de cabaret \u00ab maison \u00bb joue \u00e0 guichets ferm\u00e9s dans la Br\u00e4ukeller \u2013 suivront 10 ann\u00e9es suppl\u00e9mentaires<\/p>\n  <\/div>\n  <div class=\"timeline-item\">\n    <h4>2015<\/h4>\n    <p>Maintenant aussi du gin de notre propre distillerie : London Dry Gin classique plusieurs fois distill\u00e9<\/p>\n    <p>Nouvelle construction d'un salon de fermentation dans la cour de la brasserie avec 2 cuves de fermentation ouvertes \u2013 le processus de fermentation peut d\u00e9sormais \u00eatre v\u00e9cu en direct<\/p>\n  <\/div>\n  <div class=\"timeline-item\">\n    <h4>2019<\/h4>\n    <p>Investissement dans une nouvelle salle de brassage moderne \u2013 accent sur l'efficacit\u00e9 \u00e9nerg\u00e9tique<\/p>\n  <\/div>\n  <div class=\"timeline-item\">\n    <h4>2020<\/h4>\n    <p>Transformation de l'\u00ab Ancienne salle de brassage \u00bb en un nouvel espace de restauration avec bar sportif Sky<\/p>\n    <p>Investissement dans une petite embouteilleuse propre<\/p>\n    <p><strong>bierzeit &amp; ALLAHOPF<\/strong> nouveau dans le portefeuille \u2013 toutes les bi\u00e8res de saison et les bi\u00e8res artisanales peuvent d\u00e9sormais \u00eatre fra\u00eechement embouteill\u00e9es<\/p>\n  <\/div>\n<\/div>\t\t\t\t<\/div>\n\t\t\t\t<\/div>\n\t\t\t\t\t<\/div>\n\t\t\t\t<\/div>\n\t\t<div class=\"elementor-element elementor-element-4c0dd95 e-flex e-con-boxed e-con e-parent\" data-id=\"4c0dd95\" data-element_type=\"container\" data-e-type=\"container\" data-settings=\"{&quot;background_background&quot;:&quot;classic&quot;}\">\n\t\t\t\t\t<div class=\"e-con-inner\">\n\t\t\t\t<div class=\"elementor-element elementor-element-3db6df9 elementor-invisible elementor-widget elementor-widget-heading\" data-id=\"3db6df9\" data-element_type=\"widget\" data-e-type=\"widget\" data-settings=\"{&quot;_animation&quot;:&quot;fadeInDown&quot;}\" data-widget_type=\"heading.default\">\n\t\t\t\t\t<h2 class=\"elementor-heading-title elementor-size-default\">Histoire de la maison<\/h2>\t\t\t\t<\/div>\n\t\t\t\t<div class=\"elementor-element elementor-element-db7c264 elementor-widget elementor-widget-heading\" data-id=\"db7c264\" data-element_type=\"widget\" data-e-type=\"widget\" data-widget_type=\"heading.default\">\n\t\t\t\t\t<h3 class=\"elementor-heading-title elementor-size-default\">1880 \u00e0 aujourd'hui.<\/h3>\t\t\t\t<\/div>\n\t\t\t\t\t<\/div>\n\t\t\t\t<\/div>\n\t\t<div class=\"elementor-element elementor-element-3698c26 e-flex e-con-boxed e-con e-parent\" data-id=\"3698c26\" data-element_type=\"container\" data-e-type=\"container\" data-settings=\"{&quot;background_background&quot;:&quot;classic&quot;}\">\n\t\t\t\t\t<div class=\"e-con-inner\">\n\t\t<div class=\"elementor-element elementor-element-655bc78 e-con-full e-flex e-con e-child\" data-id=\"655bc78\" data-element_type=\"container\" data-e-type=\"container\">\n\t\t\t\t<div class=\"elementor-element elementor-element-cfd6e5f elementor-widget elementor-widget-html\" data-id=\"cfd6e5f\" data-element_type=\"widget\" data-e-type=\"widget\" data-widget_type=\"html.default\">\n\t\t\t\t\t<style>\n.timeline-container {\n  position: relative;\n  border-left: 2px solid #BA9F5C;\n  padding-left: 30px;\n  margin-left: 10px;\n}\n\n.timeline-item {\n  margin-bottom: 40px;\n}\n\n.timeline-item h4 {\n  margin: 0 0 5px;\n  font-weight: bold;\n  color: #BA9F5C;\n}\n\n.timeline-item p {\n  margin: 0;\n  color: white;\n}\n<\/style>\n\n<div class=\"timeline-container\">\n  <div class=\"timeline-item\">\n    <h4>1880<\/h4>\n    <p>Construit comme cave \u00e0 glace &amp; refroidisseur dans le cadre de la nouvelle construction de la brasserie de la famille Valentin Metz &amp; S\u00f6hne<\/p>\n  <\/div>\n  <div class=\"timeline-item\">\n    <h4>1899<\/h4>\n    <p>L'entreprise familiale s'est dissoute \u2013 le terrain est pass\u00e9 en possession du n\u00e9gociant en vins Philipp Meiser<\/p>\n  <\/div>\n  <div class=\"timeline-item\">\n    <h4>1917<\/h4>\n    <p>Acquisition de la propri\u00e9t\u00e9 par la famille Philipp Wilhelm Rick<\/p>\n  <\/div>\n  <div class=\"timeline-item\">\n    <h4>1979 \u2013 1986<\/h4>\n    <p>Location du b\u00e2timent \u00e0 la Gr\u00e4flich von Berckheim\u2019sche Schlosskellerei<\/p>\n  <\/div>\n  <div class=\"timeline-item\">\n    <h4>\u00e0 partir de 1986<\/h4>\n    <p>Poursuite de la tradition en tant que site de brasserie par la fondation de la Woinemer Hausbrauerei<\/p>\n  <\/div>\n  <div class=\"timeline-item\">\n    <h4>1986 \u2013 1998<\/h4>\n    <p>Exploit\u00e9 par la Gasthaus Brauerei GmbH<\/p>\n  <\/div>\n  <div class=\"timeline-item\">\n    <h4>\u00e0 partir d'avril 1998<\/h4>\n    <p>Reprise par la Hardt &amp; Andreas OHG<\/p>\n  <\/div>\n  <div class=\"timeline-item\">\n    <h4>2015<\/h4>\n    <p>Acquisition des propri\u00e9t\u00e9s Friedrichstrasse 23 et 25 (ancienne pharmacie Sonnenapotheke, aujourd'hui parking) par la Hardt &amp; Andreas OHG (Woinemer Hausbrauerei)<\/p>\n  <\/div>\n<\/div>\t\t\t\t<\/div>\n\t\t\t\t<\/div>\n\t\t\t\t\t<\/div>\n\t\t\t\t<\/div>\n\t\t\t\t<\/div>\n\t\t","protected":false},"excerpt":{"rendered":"<p>Notre vision et notre mission Nous avons de la vapeur dans la chaudi\u00e8re.Un art brassicole authentique et ind\u00e9pendant pour les Woinemer. Notre vision Nous, les Woinemer, avons la vision d&rsquo;\u00eatre et de rester toujours authentiques et innovants. Pour cela, nous voulons travailler de mani\u00e8re coh\u00e9rente afin de pouvoir toujours proposer \u00e0 nos clients des produits [&hellip;]<\/p>\n","protected":false},"author":1,"featured_media":0,"parent":0,"menu_order":0,"comment_status":"closed","ping_status":"closed","template":"elementor_header_footer","meta":{"footnotes":""},"class_list":["post-3687","page","type-page","status-publish","hentry"],"_links":{"self":[{"href":"https:\/\/woinemer-brauerei.de\/fr\/wp-json\/wp\/v2\/pages\/3687","targetHints":{"allow":["GET"]}}],"collection":[{"href":"https:\/\/woinemer-brauerei.de\/fr\/wp-json\/wp\/v2\/pages"}],"about":[{"href":"https:\/\/woinemer-brauerei.de\/fr\/wp-json\/wp\/v2\/types\/page"}],"author":[{"embeddable":true,"href":"https:\/\/woinemer-brauerei.de\/fr\/wp-json\/wp\/v2\/users\/1"}],"replies":[{"embeddable":true,"href":"https:\/\/woinemer-brauerei.de\/fr\/wp-json\/wp\/v2\/comments?post=3687"}],"version-history":[{"count":1,"href":"https:\/\/woinemer-brauerei.de\/fr\/wp-json\/wp\/v2\/pages\/3687\/revisions"}],"predecessor-version":[{"id":3696,"href":"https:\/\/woinemer-brauerei.de\/fr\/wp-json\/wp\/v2\/pages\/3687\/revisions\/3696"}],"wp:attachment":[{"href":"https:\/\/woinemer-brauerei.de\/fr\/wp-json\/wp\/v2\/media?parent=3687"}],"curies":[{"name":"wp","href":"https:\/\/api.w.org\/{rel}","templated":true}]}}