{"id":3675,"date":"2025-12-02T11:06:20","date_gmt":"2025-12-02T10:06:20","guid":{"rendered":"https:\/\/woinemer-brauerei.de\/nos-bieres\/"},"modified":"2026-04-09T10:16:40","modified_gmt":"2026-04-09T08:16:40","slug":"nos-bieres","status":"publish","type":"page","link":"https:\/\/woinemer-brauerei.de\/fr\/nos-bieres\/","title":{"rendered":"Nos bi\u00e8res"},"content":{"rendered":"\t\t<div data-elementor-type=\"wp-page\" data-elementor-id=\"3675\" class=\"elementor elementor-3675 elementor-1236\" data-elementor-post-type=\"page\">\n\t\t\t\t<div class=\"elementor-element elementor-element-f5fb687 e-flex e-con-boxed e-con e-parent\" data-id=\"f5fb687\" data-element_type=\"container\" data-e-type=\"container\" data-settings=\"{&quot;background_background&quot;:&quot;classic&quot;}\">\n\t\t\t\t\t<div class=\"e-con-inner\">\n\t\t\t\t\t<\/div>\n\t\t\t\t<\/div>\n\t\t<div class=\"elementor-element elementor-element-0d3c2ff e-flex e-con-boxed e-con e-parent\" data-id=\"0d3c2ff\" data-element_type=\"container\" data-e-type=\"container\" data-settings=\"{&quot;background_background&quot;:&quot;classic&quot;}\">\n\t\t\t\t\t<div class=\"e-con-inner\">\n\t\t\t\t<div class=\"elementor-element elementor-element-7451bd7 elementor-invisible elementor-widget elementor-widget-heading\" data-id=\"7451bd7\" data-element_type=\"widget\" data-e-type=\"widget\" data-settings=\"{&quot;_animation&quot;:&quot;fadeInDown&quot;}\" data-widget_type=\"heading.default\">\n\t\t\t\t\t<h1 class=\"elementor-heading-title elementor-size-default\">La diversit\u00e9 des bi\u00e8res Woinemer<\/h1>\t\t\t\t<\/div>\n\t\t\t\t<div class=\"elementor-element elementor-element-546f27d elementor-widget elementor-widget-heading\" data-id=\"546f27d\" data-element_type=\"widget\" data-e-type=\"widget\" data-widget_type=\"heading.default\">\n\t\t\t\t\t<h3 class=\"elementor-heading-title elementor-size-default\">Une s\u00e9lection qui vaut le d\u00e9tour !<\/h3>\t\t\t\t<\/div>\n\t\t\t\t<div class=\"elementor-element elementor-element-b4c6e3e elementor-widget elementor-widget-text-editor\" data-id=\"b4c6e3e\" data-element_type=\"widget\" data-e-type=\"widget\" data-widget_type=\"text-editor.default\">\n\t\t\t\t\t\t\t\t\t<p>Il y en a pour tous les go\u00fbts, \u00e9galement pour la maison dans notre boutique<\/p>\t\t\t\t\t\t\t\t<\/div>\n\t\t\t\t<div class=\"elementor-element elementor-element-97bfcee elementor-tablet-align-center elementor-widget elementor-widget-button\" data-id=\"97bfcee\" data-element_type=\"widget\" data-e-type=\"widget\" data-widget_type=\"button.default\">\n\t\t\t\t\t\t\t\t\t\t<a class=\"elementor-button elementor-button-link elementor-size-sm\" href=\"https:\/\/shop.woinemer-brauerei.de\">\n\t\t\t\t\t\t<span class=\"elementor-button-content-wrapper\">\n\t\t\t\t\t\t\t\t\t<span class=\"elementor-button-text\">Acheter maintenant en boutique<\/span>\n\t\t\t\t\t<\/span>\n\t\t\t\t\t<\/a>\n\t\t\t\t\t\t\t\t<\/div>\n\t\t\t\t<div class=\"elementor-element elementor-element-2e61361 elementor-widget elementor-widget-spacer\" data-id=\"2e61361\" data-element_type=\"widget\" data-e-type=\"widget\" data-widget_type=\"spacer.default\">\n\t\t\t\t\t\t\t<div class=\"elementor-spacer\">\n\t\t\t<div class=\"elementor-spacer-inner\"><\/div>\n\t\t<\/div>\n\t\t\t\t\t\t<\/div>\n\t\t\t\t\t<\/div>\n\t\t\t\t<\/div>\n\t\t<div class=\"elementor-element elementor-element-6c77e90 e-flex e-con-boxed e-con e-parent\" data-id=\"6c77e90\" data-element_type=\"container\" data-e-type=\"container\" data-settings=\"{&quot;background_background&quot;:&quot;classic&quot;}\">\n\t\t\t\t\t<div class=\"e-con-inner\">\n\t\t\t\t<div class=\"elementor-element elementor-element-312b35a elementor-invisible elementor-widget elementor-widget-heading\" data-id=\"312b35a\" data-element_type=\"widget\" data-e-type=\"widget\" data-settings=\"{&quot;_animation&quot;:&quot;fadeInDown&quot;}\" data-widget_type=\"heading.default\">\n\t\t\t\t\t<h2 class=\"elementor-heading-title elementor-size-default\">Nos stars<\/h2>\t\t\t\t<\/div>\n\t\t<div class=\"elementor-element elementor-element-284a068 e-con-full e-flex e-con e-child\" data-id=\"284a068\" data-element_type=\"container\" data-e-type=\"container\">\n\t\t<div class=\"elementor-element elementor-element-9fae4dd e-con-full e-flex e-con e-child\" data-id=\"9fae4dd\" data-element_type=\"container\" data-e-type=\"container\" data-settings=\"{&quot;background_background&quot;:&quot;classic&quot;}\">\n\t\t\t\t<\/div>\n\t\t<div class=\"elementor-element elementor-element-66cbc22 e-con-full e-flex e-con e-child\" data-id=\"66cbc22\" data-element_type=\"container\" data-e-type=\"container\">\n\t\t\t\t<div class=\"elementor-element elementor-element-4f01a5b elementor-widget elementor-widget-heading\" data-id=\"4f01a5b\" data-element_type=\"widget\" data-e-type=\"widget\" data-widget_type=\"heading.default\">\n\t\t\t\t\t<h3 class=\"elementor-heading-title elementor-size-default\">1.<\/h3>\t\t\t\t<\/div>\n\t\t\t\t<div class=\"elementor-element elementor-element-afec3e0 elementor-widget elementor-widget-heading\" data-id=\"afec3e0\" data-element_type=\"widget\" data-e-type=\"widget\" data-widget_type=\"heading.default\">\n\t\t\t\t\t<h2 class=\"elementor-heading-title elementor-size-default\">Woinemer Helles<\/h2>\t\t\t\t<\/div>\n\t\t\t\t<div class=\"elementor-element elementor-element-8adc3db elementor-widget elementor-widget-text-editor\" data-id=\"8adc3db\" data-element_type=\"widget\" data-e-type=\"widget\" data-widget_type=\"text-editor.default\">\n\t\t\t\t\t\t\t\t\t<p><em>Alc 5,1 % <\/em><\/p><p>Parfois, on a juste besoin d&rsquo;une bi\u00e8re qui fonctionne sans chichis \u2013 une que tu ouvres, bois et sais imm\u00e9diatement : c&rsquo;est exactement ce dont j&rsquo;avais besoin. Notre Helles est exactement ce genre de candidate : une Helles trouble et facile \u00e0 boire, qui se distingue par une touche d&rsquo;\u00e9pices en plus que notre bi\u00e8re Helles classique. <\/p>\t\t\t\t\t\t\t\t<\/div>\n\t\t\t\t<\/div>\n\t\t\t\t<\/div>\n\t\t<div class=\"elementor-element elementor-element-2e83cce e-con-full e-flex e-con e-child\" data-id=\"2e83cce\" data-element_type=\"container\" data-e-type=\"container\">\n\t\t<div class=\"elementor-element elementor-element-6a9c8b7 e-con-full e-flex e-con e-child\" data-id=\"6a9c8b7\" data-element_type=\"container\" data-e-type=\"container\">\n\t\t\t\t<div class=\"elementor-element elementor-element-f074a6b elementor-widget elementor-widget-heading\" data-id=\"f074a6b\" data-element_type=\"widget\" data-e-type=\"widget\" data-widget_type=\"heading.default\">\n\t\t\t\t\t<h3 class=\"elementor-heading-title elementor-size-default\">2.<\/h3>\t\t\t\t<\/div>\n\t\t\t\t<div class=\"elementor-element elementor-element-5c4e569 elementor-widget elementor-widget-heading\" data-id=\"5c4e569\" data-element_type=\"widget\" data-e-type=\"widget\" data-widget_type=\"heading.default\">\n\t\t\t\t\t<h2 class=\"elementor-heading-title elementor-size-default\">Woinemer Dunkles<\/h2>\t\t\t\t<\/div>\n\t\t\t\t<div class=\"elementor-element elementor-element-ec36810 elementor-widget elementor-widget-text-editor\" data-id=\"ec36810\" data-element_type=\"widget\" data-e-type=\"widget\" data-widget_type=\"text-editor.default\">\n\t\t\t\t\t\t\t\t\t<p><em>Alc 5,1 % <\/em><\/p><p>Quand il fait plus sombre dehors ou que tu as simplement envie de plus de profondeur dans ton verre, alors la bierzeit Dunkles est exactement ta bi\u00e8re. Un v\u00e9ritable classique bavarois \u2013 cors\u00e9e, \u00e9quilibr\u00e9e et avec ce merveilleux caract\u00e8re malt\u00e9 chaleureux qui invite imm\u00e9diatement \u00e0 se d\u00e9tendre. <\/p>\t\t\t\t\t\t\t\t<\/div>\n\t\t\t\t<\/div>\n\t\t<div class=\"elementor-element elementor-element-d0dadd8 e-con-full e-flex e-con e-child\" data-id=\"d0dadd8\" data-element_type=\"container\" data-e-type=\"container\" data-settings=\"{&quot;background_background&quot;:&quot;classic&quot;}\">\n\t\t\t\t<\/div>\n\t\t\t\t<\/div>\n\t\t<div class=\"elementor-element elementor-element-3669201 e-con-full e-flex e-con e-child\" data-id=\"3669201\" data-element_type=\"container\" data-e-type=\"container\">\n\t\t<div class=\"elementor-element elementor-element-20a6150 e-con-full e-flex e-con e-child\" data-id=\"20a6150\" data-element_type=\"container\" data-e-type=\"container\" data-settings=\"{&quot;background_background&quot;:&quot;classic&quot;}\">\n\t\t\t\t<\/div>\n\t\t<div class=\"elementor-element elementor-element-dd6a1fd e-con-full e-flex e-con e-child\" data-id=\"dd6a1fd\" data-element_type=\"container\" data-e-type=\"container\">\n\t\t\t\t<div class=\"elementor-element elementor-element-77df7ed elementor-widget elementor-widget-heading\" data-id=\"77df7ed\" data-element_type=\"widget\" data-e-type=\"widget\" data-widget_type=\"heading.default\">\n\t\t\t\t\t<h3 class=\"elementor-heading-title elementor-size-default\">3.<\/h3>\t\t\t\t<\/div>\n\t\t\t\t<div class=\"elementor-element elementor-element-4f12297 elementor-widget elementor-widget-heading\" data-id=\"4f12297\" data-element_type=\"widget\" data-e-type=\"widget\" data-widget_type=\"heading.default\">\n\t\t\t\t\t<h2 class=\"elementor-heading-title elementor-size-default\">Woinemer Weizen<\/h2>\t\t\t\t<\/div>\n\t\t\t\t<div class=\"elementor-element elementor-element-a7dc45a elementor-widget elementor-widget-text-editor\" data-id=\"a7dc45a\" data-element_type=\"widget\" data-e-type=\"widget\" data-widget_type=\"text-editor.default\">\n\t\t\t\t\t\t\t\t\t<p><em>Alc 4,8 % <\/em><\/p><p>Si tu veux une Weizen qui est tout simplement amusante, tu es au bon endroit. Cors\u00e9e, fruit\u00e9e et avec cet ar\u00f4me typique de banane qui rend une bonne bi\u00e8re de bl\u00e9 si charmante \u2013 douce, cr\u00e9meuse et merveilleusement d\u00e9licate sur la langue. <\/p>\t\t\t\t\t\t\t\t<\/div>\n\t\t\t\t<\/div>\n\t\t\t\t<\/div>\n\t\t<div class=\"elementor-element elementor-element-109a8ff e-con-full e-flex e-con e-child\" data-id=\"109a8ff\" data-element_type=\"container\" data-e-type=\"container\">\n\t\t<div class=\"elementor-element elementor-element-b184b91 e-con-full e-flex e-con e-child\" data-id=\"b184b91\" data-element_type=\"container\" data-e-type=\"container\">\n\t\t\t\t<div class=\"elementor-element elementor-element-7116155 elementor-widget elementor-widget-heading\" data-id=\"7116155\" data-element_type=\"widget\" data-e-type=\"widget\" data-widget_type=\"heading.default\">\n\t\t\t\t\t<h3 class=\"elementor-heading-title elementor-size-default\">4.<\/h3>\t\t\t\t<\/div>\n\t\t\t\t<div class=\"elementor-element elementor-element-0958b95 elementor-widget elementor-widget-heading\" data-id=\"0958b95\" data-element_type=\"widget\" data-e-type=\"widget\" data-widget_type=\"heading.default\">\n\t\t\t\t\t<h2 class=\"elementor-heading-title elementor-size-default\">Woinemer Pils<\/h2>\t\t\t\t<\/div>\n\t\t\t\t<div class=\"elementor-element elementor-element-0c6fc90 elementor-widget elementor-widget-text-editor\" data-id=\"0c6fc90\" data-element_type=\"widget\" data-e-type=\"widget\" data-widget_type=\"text-editor.default\">\n\t\t\t\t\t\t\t\t\t<p><em>Alc 4,9 %<\/em><\/p><p>Si tu cherches une Pils qui se passe de fioritures et qui a simplement un go\u00fbt honn\u00eatement bon, tu es au bon endroit. Notre Woinemer Pils est une Pilsener brass\u00e9e de mani\u00e8re classique, trouble \u2013 typiquement am\u00e8re, pleine de caract\u00e8re et disponible toute l&rsquo;ann\u00e9e. Pour les connaisseurs, pour les \u00e9picuriens, pour tous ceux qui savent comment une Pils doit go\u00fbter.  <\/p>\t\t\t\t\t\t\t\t<\/div>\n\t\t\t\t<\/div>\n\t\t<div class=\"elementor-element elementor-element-acc9c4e e-con-full e-flex e-con e-child\" data-id=\"acc9c4e\" data-element_type=\"container\" data-e-type=\"container\" data-settings=\"{&quot;background_background&quot;:&quot;classic&quot;}\">\n\t\t\t\t<\/div>\n\t\t\t\t<\/div>\n\t\t\t\t\t<\/div>\n\t\t\t\t<\/div>\n\t\t<div class=\"elementor-element elementor-element-2b1b221 e-flex e-con-boxed e-con e-parent\" data-id=\"2b1b221\" data-element_type=\"container\" data-e-type=\"container\" data-settings=\"{&quot;background_background&quot;:&quot;classic&quot;}\">\n\t\t\t\t\t<div class=\"e-con-inner\">\n\t\t\t\t<div class=\"elementor-element elementor-element-40427a0 elementor-invisible elementor-widget elementor-widget-heading\" data-id=\"40427a0\" data-element_type=\"widget\" data-e-type=\"widget\" data-settings=\"{&quot;_animation&quot;:&quot;fadeInDown&quot;}\" data-widget_type=\"heading.default\">\n\t\t\t\t\t<h2 class=\"elementor-heading-title elementor-size-default\">Bi\u00e8res de saison actuelles<\/h2>\t\t\t\t<\/div>\n\t\t<div class=\"elementor-element elementor-element-9501610 e-con-full e-flex e-con e-child\" data-id=\"9501610\" data-element_type=\"container\" data-e-type=\"container\">\n\t\t<div class=\"elementor-element elementor-element-e17c2f1 e-con-full e-flex e-con e-child\" data-id=\"e17c2f1\" data-element_type=\"container\" data-e-type=\"container\" data-settings=\"{&quot;background_background&quot;:&quot;classic&quot;}\">\n\t\t\t\t<\/div>\n\t\t<div class=\"elementor-element elementor-element-64b22e5 e-con-full e-flex e-con e-child\" data-id=\"64b22e5\" data-element_type=\"container\" data-e-type=\"container\">\n\t\t\t\t<div class=\"elementor-element elementor-element-7e9bc7e elementor-widget elementor-widget-heading\" data-id=\"7e9bc7e\" data-element_type=\"widget\" data-e-type=\"widget\" data-widget_type=\"heading.default\">\n\t\t\t\t\t<h3 class=\"elementor-heading-title elementor-size-default\">1.<\/h3>\t\t\t\t<\/div>\n\t\t\t\t<div class=\"elementor-element elementor-element-0a99522 elementor-widget elementor-widget-heading\" data-id=\"0a99522\" data-element_type=\"widget\" data-e-type=\"widget\" data-widget_type=\"heading.default\">\n\t\t\t\t\t<h2 class=\"elementor-heading-title elementor-size-default\">Maximus<\/h2>\t\t\t\t<\/div>\n\t\t\t\t<div class=\"elementor-element elementor-element-f223ef1 elementor-widget elementor-widget-text-editor\" data-id=\"f223ef1\" data-element_type=\"widget\" data-e-type=\"widget\" data-widget_type=\"text-editor.default\">\n\t\t\t\t\t\t\t\t\t<p>Alc 6,5 % <\/p><p>Le doux Weizenbock \u00e0 l&rsquo;ar\u00f4me maximal<\/p><p><strong>Maximus<\/strong> est notre Weizenbock de la gamme de bi\u00e8res artisanales <strong>ALLA HOPF<\/strong> \u2013 fort de nom, \u00e9tonnamment d\u00e9licat en go\u00fbt. D\u00e8s la premi\u00e8re gorg\u00e9e, un ar\u00f4me de bl\u00e9 <strong>fruit\u00e9<\/strong> se d\u00e9ploie, rappelant imm\u00e9diatement la <strong>banane m\u00fbre<\/strong>, accompagn\u00e9 de <strong>notes d&rsquo;agrumes<\/strong> fra\u00eeches qui conf\u00e8rent \u00e0 la bi\u00e8re une fra\u00eecheur l\u00e9g\u00e8re et vivante. <\/p><p>Sur la langue, Maximus se montre doux et cr\u00e9meux, avant de laisser <strong>en finale une note \u00e9pic\u00e9e et am\u00e8re<\/strong> qui l&rsquo;\u00e9quilibre merveilleusement. Un Weizenbock qui commence fort, continue en douceur et se termine avec caract\u00e8re \u2013 parfait pour tous ceux qui aiment les ar\u00f4mes fruit\u00e9s et un corps rond et doux. <\/p>\t\t\t\t\t\t\t\t<\/div>\n\t\t\t\t<\/div>\n\t\t\t\t<\/div>\n\t\t<div class=\"elementor-element elementor-element-d72ea3e e-con-full e-flex e-con e-child\" data-id=\"d72ea3e\" data-element_type=\"container\" data-e-type=\"container\">\n\t\t<div class=\"elementor-element elementor-element-bda8a77 e-con-full e-flex e-con e-child\" data-id=\"bda8a77\" data-element_type=\"container\" data-e-type=\"container\">\n\t\t\t\t<div class=\"elementor-element elementor-element-91a6faa elementor-widget elementor-widget-heading\" data-id=\"91a6faa\" data-element_type=\"widget\" data-e-type=\"widget\" data-widget_type=\"heading.default\">\n\t\t\t\t\t<h3 class=\"elementor-heading-title elementor-size-default\">2.<\/h3>\t\t\t\t<\/div>\n\t\t\t\t<div class=\"elementor-element elementor-element-e301ada elementor-widget elementor-widget-heading\" data-id=\"e301ada\" data-element_type=\"widget\" data-e-type=\"widget\" data-widget_type=\"heading.default\">\n\t\t\t\t\t<h2 class=\"elementor-heading-title elementor-size-default\">Eyeland of Hop<\/h2>\t\t\t\t<\/div>\n\t\t\t\t<div class=\"elementor-element elementor-element-c881dcb elementor-widget elementor-widget-text-editor\" data-id=\"c881dcb\" data-element_type=\"widget\" data-e-type=\"widget\" data-widget_type=\"text-editor.default\">\n\t\t\t\t\t\t\t\t\t<p><em>Alc 5,8 %<\/em><\/p><p>Notre <strong>Eyeland of Hop<\/strong> est une d\u00e9claration d&rsquo;amour \u00e0 tout ce qui rend la bi\u00e8re artisanale sp\u00e9ciale. Si tu aimes les ar\u00f4mes fruit\u00e9s, l&rsquo;artisanat brassicole et une bonne dose de \u00ab Alla Hopf \u2013 Alla Gut \u00bb, alors ce Pale Ale est exactement ta bi\u00e8re. <\/p><p>D\u00e8s la premi\u00e8re inspiration, tu re\u00e7ois une pleine charge de tropiques : <strong>fruit de la passion, citron m\u00fbr et une touche de fruits exotiques<\/strong> te sautent au nez. Sur la langue, \u00e7a continue \u2013 <strong>un jeu intense de douceur malt\u00e9e puissante et d&rsquo;une amertume claire et agr\u00e9able<\/strong>, qui te s\u00e9duit gorg\u00e9e apr\u00e8s gorg\u00e9e. <\/p>\t\t\t\t\t\t\t\t<\/div>\n\t\t\t\t<\/div>\n\t\t<div class=\"elementor-element elementor-element-04f7d9b e-con-full e-flex e-con e-child\" data-id=\"04f7d9b\" data-element_type=\"container\" data-e-type=\"container\" data-settings=\"{&quot;background_background&quot;:&quot;classic&quot;}\">\n\t\t\t\t<\/div>\n\t\t\t\t<\/div>\n\t\t<div class=\"elementor-element elementor-element-3e0859f e-con-full e-flex e-con e-child\" data-id=\"3e0859f\" data-element_type=\"container\" data-e-type=\"container\">\n\t\t<div class=\"elementor-element elementor-element-3483c63 e-con-full e-flex e-con e-child\" data-id=\"3483c63\" data-element_type=\"container\" data-e-type=\"container\" data-settings=\"{&quot;background_background&quot;:&quot;classic&quot;}\">\n\t\t\t\t<\/div>\n\t\t<div class=\"elementor-element elementor-element-3c1b4c8 e-con-full e-flex e-con e-child\" data-id=\"3c1b4c8\" data-element_type=\"container\" data-e-type=\"container\">\n\t\t\t\t<div class=\"elementor-element elementor-element-cd470d8 elementor-widget elementor-widget-heading\" data-id=\"cd470d8\" data-element_type=\"widget\" data-e-type=\"widget\" data-widget_type=\"heading.default\">\n\t\t\t\t\t<h3 class=\"elementor-heading-title elementor-size-default\">3.<\/h3>\t\t\t\t<\/div>\n\t\t\t\t<div class=\"elementor-element elementor-element-04925b2 elementor-widget elementor-widget-heading\" data-id=\"04925b2\" data-element_type=\"widget\" data-e-type=\"widget\" data-widget_type=\"heading.default\">\n\t\t\t\t\t<h2 class=\"elementor-heading-title elementor-size-default\">Irish Black<\/h2>\t\t\t\t<\/div>\n\t\t\t\t<div class=\"elementor-element elementor-element-2ae1ae2 elementor-widget elementor-widget-text-editor\" data-id=\"2ae1ae2\" data-element_type=\"widget\" data-e-type=\"widget\" data-widget_type=\"text-editor.default\">\n\t\t\t\t\t\t\t\t\t<p><em>Alc 4,5 % <\/em><\/p><p>Puissant, sec &amp; typiquement irlandais \u2013 \u00e0 la mani\u00e8re Woinemer<\/p><p>L&rsquo;Alla Hopf <strong>Irish Black<\/strong> est notre regard au-del\u00e0 des fronti\u00e8res \u2013 un stout irlandais que nous avons brass\u00e9 avec beaucoup d&rsquo;amour, un <strong>caract\u00e8re de malt fonc\u00e9<\/strong> et une finale agr\u00e9ablement <strong>s\u00e8che<\/strong>. Noir, puissant et \u00e9tonnamment l\u00e9ger \u00e0 la fois : une bi\u00e8re qui te transporte d\u00e8s la premi\u00e8re gorg\u00e9e dans un pub irlandais lointain. <\/p><p>En bouche, l&rsquo;Irish Black se r\u00e9v\u00e8le <strong>aromatique de malt<\/strong>, subtilement torr\u00e9fi\u00e9e et d\u00e9lib\u00e9r\u00e9ment <strong>s\u00e8che<\/strong>, de sorte que le houblon a la place de s&rsquo;int\u00e9grer d\u00e9licatement. Cela en fait l&rsquo;ap\u00e9ritif parfait \u2013 oui, tu as bien lu : une bi\u00e8re noire avant le repas, qui fonctionne tr\u00e8s bien. <\/p>\t\t\t\t\t\t\t\t<\/div>\n\t\t\t\t<\/div>\n\t\t\t\t<\/div>\n\t\t\t\t\t<\/div>\n\t\t\t\t<\/div>\n\t\t\t\t<\/div>\n\t\t","protected":false},"excerpt":{"rendered":"<p>La diversit\u00e9 des bi\u00e8res Woinemer Une s\u00e9lection qui vaut le d\u00e9tour ! Il y en a pour tous les go\u00fbts, \u00e9galement pour la maison dans notre boutique Acheter maintenant en boutique Nos stars 1. Woinemer Helles Alc 5,1 % Parfois, on a juste besoin d&rsquo;une bi\u00e8re qui fonctionne sans chichis \u2013 une que tu ouvres, [&hellip;]<\/p>\n","protected":false},"author":3,"featured_media":0,"parent":0,"menu_order":0,"comment_status":"closed","ping_status":"closed","template":"elementor_header_footer","meta":{"footnotes":""},"class_list":["post-3675","page","type-page","status-publish","hentry"],"_links":{"self":[{"href":"https:\/\/woinemer-brauerei.de\/fr\/wp-json\/wp\/v2\/pages\/3675","targetHints":{"allow":["GET"]}}],"collection":[{"href":"https:\/\/woinemer-brauerei.de\/fr\/wp-json\/wp\/v2\/pages"}],"about":[{"href":"https:\/\/woinemer-brauerei.de\/fr\/wp-json\/wp\/v2\/types\/page"}],"author":[{"embeddable":true,"href":"https:\/\/woinemer-brauerei.de\/fr\/wp-json\/wp\/v2\/users\/3"}],"replies":[{"embeddable":true,"href":"https:\/\/woinemer-brauerei.de\/fr\/wp-json\/wp\/v2\/comments?post=3675"}],"version-history":[{"count":1,"href":"https:\/\/woinemer-brauerei.de\/fr\/wp-json\/wp\/v2\/pages\/3675\/revisions"}],"predecessor-version":[{"id":3683,"href":"https:\/\/woinemer-brauerei.de\/fr\/wp-json\/wp\/v2\/pages\/3675\/revisions\/3683"}],"wp:attachment":[{"href":"https:\/\/woinemer-brauerei.de\/fr\/wp-json\/wp\/v2\/media?parent=3675"}],"curies":[{"name":"wp","href":"https:\/\/api.w.org\/{rel}","templated":true}]}}