{"id":3896,"date":"2025-10-02T13:29:40","date_gmt":"2025-10-02T11:29:40","guid":{"rendered":"https:\/\/woinemer-brauerei.de\/reserva\/"},"modified":"2026-04-09T10:24:54","modified_gmt":"2026-04-09T08:24:54","slug":"reserva","status":"publish","type":"page","link":"https:\/\/woinemer-brauerei.de\/es\/gasthaus-woinemer\/reserva\/","title":{"rendered":"Reserva"},"content":{"rendered":"\t\t<div data-elementor-type=\"wp-page\" data-elementor-id=\"3896\" class=\"elementor elementor-3896 elementor-357\" data-elementor-post-type=\"page\">\n\t\t\t\t<div class=\"elementor-element elementor-element-fd8d75f e-flex e-con-boxed e-con e-parent\" data-id=\"fd8d75f\" data-element_type=\"container\" data-e-type=\"container\" data-settings=\"{&quot;background_background&quot;:&quot;classic&quot;}\">\n\t\t\t\t\t<div class=\"e-con-inner\">\n\t\t\t\t\t<\/div>\n\t\t\t\t<\/div>\n\t\t<div class=\"elementor-element elementor-element-b6c8c9a e-flex e-con-boxed e-con e-parent\" data-id=\"b6c8c9a\" data-element_type=\"container\" data-e-type=\"container\" data-settings=\"{&quot;background_background&quot;:&quot;classic&quot;}\">\n\t\t\t\t\t<div class=\"e-con-inner\">\n\t\t\t\t<div class=\"elementor-element elementor-element-640c707 elementor-invisible elementor-widget elementor-widget-heading\" data-id=\"640c707\" data-element_type=\"widget\" data-e-type=\"widget\" data-settings=\"{&quot;_animation&quot;:&quot;fadeInDown&quot;}\" data-widget_type=\"heading.default\">\n\t\t\t\t\t<h1 class=\"elementor-heading-title elementor-size-default\">Reservar mesa<\/h1>\t\t\t\t<\/div>\n\t\t\t\t<div class=\"elementor-element elementor-element-0adc0cc elementor-widget elementor-widget-heading\" data-id=\"0adc0cc\" data-element_type=\"widget\" data-e-type=\"widget\" data-widget_type=\"heading.default\">\n\t\t\t\t\t<h3 class=\"elementor-heading-title elementor-size-default\">Esperamos tu reserva y <br>a\u00fan m\u00e1s tu visita.<\/h3>\t\t\t\t<\/div>\n\t\t<div class=\"elementor-element elementor-element-a15485f e-con-full e-flex e-con e-child\" data-id=\"a15485f\" data-element_type=\"container\" data-e-type=\"container\">\n\t\t\t\t<div class=\"elementor-element elementor-element-609a6f5 elementor-widget__width-auto elementor-widget elementor-widget-shortcode\" data-id=\"609a6f5\" data-element_type=\"widget\" data-e-type=\"widget\" data-widget_type=\"shortcode.default\">\n\t\t\t\t\t\t\t<div class=\"elementor-shortcode\"><div id=\"teburio-cwMgMivauhXH4McRZ\"><\/div>\n<script>(function( d, s, f, js, fjs) {\n  (js = d.createElement(s)), (fjs = d.getElementsByTagName(s)[0]);\n  js.src = f; js.async = 1;\n  fjs.parentNode.insertBefore(js, fjs);\n})( document, \"script\", \"https:\/\/static.teburio.de\/w2.js?id=cwMgMivauhXH4McRZ\");\n<\/script><div style=\"position:absolute;top:-1701px;overflow:hidden;\">Las obras de arte son un importante veh\u00edculo de intercambio cultural.<\/div><\/div>\n\t\t\t\t\t\t<\/div>\n\t\t\t\t<\/div>\n\t\t\t\t\t<\/div>\n\t\t\t\t<\/div>\n\t\t\t\t<\/div>\n\t\t","protected":false},"excerpt":{"rendered":"<p>Reservar mesa Esperamos tu reserva y a\u00fan m\u00e1s tu visita. Las obras de arte son un importante veh\u00edculo de intercambio cultural.<\/p>\n","protected":false},"author":1,"featured_media":0,"parent":3899,"menu_order":0,"comment_status":"closed","ping_status":"closed","template":"elementor_header_footer","meta":{"footnotes":""},"class_list":["post-3896","page","type-page","status-publish","hentry"],"_links":{"self":[{"href":"https:\/\/woinemer-brauerei.de\/es\/wp-json\/wp\/v2\/pages\/3896","targetHints":{"allow":["GET"]}}],"collection":[{"href":"https:\/\/woinemer-brauerei.de\/es\/wp-json\/wp\/v2\/pages"}],"about":[{"href":"https:\/\/woinemer-brauerei.de\/es\/wp-json\/wp\/v2\/types\/page"}],"author":[{"embeddable":true,"href":"https:\/\/woinemer-brauerei.de\/es\/wp-json\/wp\/v2\/users\/1"}],"replies":[{"embeddable":true,"href":"https:\/\/woinemer-brauerei.de\/es\/wp-json\/wp\/v2\/comments?post=3896"}],"version-history":[{"count":1,"href":"https:\/\/woinemer-brauerei.de\/es\/wp-json\/wp\/v2\/pages\/3896\/revisions"}],"predecessor-version":[{"id":3898,"href":"https:\/\/woinemer-brauerei.de\/es\/wp-json\/wp\/v2\/pages\/3896\/revisions\/3898"}],"up":[{"embeddable":true,"href":"https:\/\/woinemer-brauerei.de\/es\/wp-json\/wp\/v2\/pages\/3899"}],"wp:attachment":[{"href":"https:\/\/woinemer-brauerei.de\/es\/wp-json\/wp\/v2\/media?parent=3896"}],"curies":[{"name":"wp","href":"https:\/\/api.w.org\/{rel}","templated":true}]}}