{"id":3697,"date":"2025-10-14T11:51:33","date_gmt":"2025-10-14T09:51:33","guid":{"rendered":"https:\/\/woinemer-brauerei.de\/sobre-nosotros\/"},"modified":"2026-04-09T10:18:18","modified_gmt":"2026-04-09T08:18:18","slug":"sobre-nosotros","status":"publish","type":"page","link":"https:\/\/woinemer-brauerei.de\/es\/sobre-nosotros\/","title":{"rendered":"Sobre nosotros"},"content":{"rendered":"\t\t<div data-elementor-type=\"wp-page\" data-elementor-id=\"3697\" class=\"elementor elementor-3697 elementor-649\" data-elementor-post-type=\"page\">\n\t\t\t\t<div class=\"elementor-element elementor-element-eeb2a2b e-flex e-con-boxed e-con e-parent\" data-id=\"eeb2a2b\" data-element_type=\"container\" data-e-type=\"container\" data-settings=\"{&quot;background_background&quot;:&quot;classic&quot;}\">\n\t\t\t\t\t<div class=\"e-con-inner\">\n\t\t\t\t\t<\/div>\n\t\t\t\t<\/div>\n\t\t<div class=\"elementor-element elementor-element-a896bdb e-flex e-con-boxed e-con e-parent\" data-id=\"a896bdb\" data-element_type=\"container\" data-e-type=\"container\" data-settings=\"{&quot;background_background&quot;:&quot;classic&quot;}\">\n\t\t\t\t\t<div class=\"e-con-inner\">\n\t\t\t\t<div class=\"elementor-element elementor-element-132a341 elementor-invisible elementor-widget elementor-widget-heading\" data-id=\"132a341\" data-element_type=\"widget\" data-e-type=\"widget\" data-settings=\"{&quot;_animation&quot;:&quot;fadeInDown&quot;}\" data-widget_type=\"heading.default\">\n\t\t\t\t\t<h1 class=\"elementor-heading-title elementor-size-default\">Nuestra visi\u00f3n y misi\u00f3n<\/h1>\t\t\t\t<\/div>\n\t\t\t\t<div class=\"elementor-element elementor-element-c476b54 elementor-widget elementor-widget-heading\" data-id=\"c476b54\" data-element_type=\"widget\" data-e-type=\"widget\" data-widget_type=\"heading.default\">\n\t\t\t\t\t<h3 class=\"elementor-heading-title elementor-size-default\">Tenemos energ\u00eda de sobra.<br>Arte cervecero aut\u00e9ntico e independiente para los Woinemer.<\/h3>\t\t\t\t<\/div>\n\t\t<div class=\"elementor-element elementor-element-9598705 e-con-full e-flex e-con e-child\" data-id=\"9598705\" data-element_type=\"container\" data-e-type=\"container\">\n\t\t\t\t<div class=\"elementor-element elementor-element-8fe8a6f e-transform elementor-invisible elementor-widget elementor-widget-image\" data-id=\"8fe8a6f\" data-element_type=\"widget\" data-e-type=\"widget\" data-settings=\"{&quot;_animation&quot;:&quot;fadeInLeft&quot;,&quot;_transform_flipX_effect&quot;:&quot;transform&quot;,&quot;_animation_mobile&quot;:&quot;none&quot;}\" data-widget_type=\"image.default\">\n\t\t\t\t\t\t\t\t\t\t\t\t\t\t\t<img fetchpriority=\"high\" decoding=\"async\" width=\"1459\" height=\"1459\" src=\"https:\/\/woinemer-brauerei.de\/wp-content\/uploads\/2026\/04\/vision.png\" class=\"attachment-full size-full wp-image-3702\" alt=\"\" srcset=\"https:\/\/woinemer-brauerei.de\/wp-content\/uploads\/2026\/04\/vision.png 1459w, https:\/\/woinemer-brauerei.de\/wp-content\/uploads\/2026\/04\/vision-300x300.png 300w, https:\/\/woinemer-brauerei.de\/wp-content\/uploads\/2026\/04\/vision-1024x1024.png 1024w, https:\/\/woinemer-brauerei.de\/wp-content\/uploads\/2026\/04\/vision-150x150.png 150w, https:\/\/woinemer-brauerei.de\/wp-content\/uploads\/2026\/04\/vision-768x768.png 768w, https:\/\/woinemer-brauerei.de\/wp-content\/uploads\/2026\/04\/vision-1320x1320.png 1320w\" sizes=\"(max-width: 1459px) 100vw, 1459px\" \/>\t\t\t\t\t\t\t\t\t\t\t\t\t\t\t<\/div>\n\t\t<div class=\"elementor-element elementor-element-7b0fc41 e-con-full e-flex elementor-invisible e-con e-child\" data-id=\"7b0fc41\" data-element_type=\"container\" data-e-type=\"container\" data-settings=\"{&quot;background_background&quot;:&quot;classic&quot;,&quot;animation&quot;:&quot;fadeInRight&quot;,&quot;animation_mobile&quot;:&quot;none&quot;}\">\n\t\t\t\t<div class=\"elementor-element elementor-element-ead60ce elementor-widget elementor-widget-heading\" data-id=\"ead60ce\" data-element_type=\"widget\" data-e-type=\"widget\" data-widget_type=\"heading.default\">\n\t\t\t\t\t<h3 class=\"elementor-heading-title elementor-size-default\">Nuestra visi\u00f3n<\/h3>\t\t\t\t<\/div>\n\t\t\t\t<div class=\"elementor-element elementor-element-5378b44 elementor-widget elementor-widget-heading\" data-id=\"5378b44\" data-element_type=\"widget\" data-e-type=\"widget\" data-widget_type=\"heading.default\">\n\t\t\t\t\t<h2 class=\"elementor-heading-title elementor-size-default\">En WOINEMER tenemos la visi\u00f3n de ser y seguir siendo siempre aut\u00e9nticos e innovadores.<\/h2>\t\t\t\t<\/div>\n\t\t\t\t<div class=\"elementor-element elementor-element-54d6a8d elementor-widget elementor-widget-text-editor\" data-id=\"54d6a8d\" data-element_type=\"widget\" data-e-type=\"widget\" data-widget_type=\"text-editor.default\">\n\t\t\t\t\t\t\t\t\t<p>Para ello, queremos trabajar de forma constante para poder ofrecer siempre a nuestros clientes productos WOINEMER innovadores, de alta calidad y acordes a los tiempos. Fomentamos continuamente el desarrollo de novedades WOINEMER para adaptar y ampliar nuestra gama de productos a las necesidades de nuestros clientes. Al mismo tiempo, damos la m\u00e1xima importancia a una elaboraci\u00f3n excelente y constante de nuestras cervezas premium cl\u00e1sicas.  <\/p>\t\t\t\t\t\t\t\t<\/div>\n\t\t\t\t<\/div>\n\t\t\t\t<\/div>\n\t\t<div class=\"elementor-element elementor-element-3c279a7 e-con-full e-flex e-con e-child\" data-id=\"3c279a7\" data-element_type=\"container\" data-e-type=\"container\">\n\t\t<div class=\"elementor-element elementor-element-764026f e-con-full e-flex elementor-invisible e-con e-child\" data-id=\"764026f\" data-element_type=\"container\" data-e-type=\"container\" data-settings=\"{&quot;background_background&quot;:&quot;classic&quot;,&quot;animation&quot;:&quot;fadeInLeft&quot;,&quot;animation_mobile&quot;:&quot;none&quot;}\">\n\t\t\t\t<div class=\"elementor-element elementor-element-8c8dc78 elementor-widget elementor-widget-heading\" data-id=\"8c8dc78\" data-element_type=\"widget\" data-e-type=\"widget\" data-widget_type=\"heading.default\">\n\t\t\t\t\t<h3 class=\"elementor-heading-title elementor-size-default\">Nuestra misi\u00f3n<\/h3>\t\t\t\t<\/div>\n\t\t\t\t<div class=\"elementor-element elementor-element-1b5727a elementor-widget elementor-widget-heading\" data-id=\"1b5727a\" data-element_type=\"widget\" data-e-type=\"widget\" data-widget_type=\"heading.default\">\n\t\t\t\t\t<h2 class=\"elementor-heading-title elementor-size-default\">Nuestra misi\u00f3n es ser una manufactura cervecera innovadora.<\/h2>\t\t\t\t<\/div>\n\t\t\t\t<div class=\"elementor-element elementor-element-95e117e elementor-widget elementor-widget-text-editor\" data-id=\"95e117e\" data-element_type=\"widget\" data-e-type=\"widget\" data-widget_type=\"text-editor.default\">\n\t\t\t\t\t\t\t\t\t<p>Perseguimos con la mayor pasi\u00f3n la misi\u00f3n de ser una de las manufacturas cerveceras m\u00e1s aut\u00e9nticas gracias a la elaboraci\u00f3n de alta calidad de nuestras cervezas cl\u00e1sicas, y una de las m\u00e1s innovadoras con nuestras exclusivas ampliaciones de producto. Nuestra aspiraci\u00f3n es que nuestras cervezas se conviertan en un placer para todos los sentidos mediante el mayor esfuerzo y las mejores materias primas. Esto empieza con la selecci\u00f3n de los ingredientes m\u00e1s finos, pasa por una elaboraci\u00f3n cuidadosa y termina en el embotellado.  <\/p>\t\t\t\t\t\t\t\t<\/div>\n\t\t\t\t<\/div>\n\t\t\t\t<div class=\"elementor-element elementor-element-32a563b elementor-invisible elementor-widget elementor-widget-image\" data-id=\"32a563b\" data-element_type=\"widget\" data-e-type=\"widget\" data-settings=\"{&quot;_animation&quot;:&quot;fadeInRight&quot;,&quot;_animation_mobile&quot;:&quot;fadeIn&quot;}\" data-widget_type=\"image.default\">\n\t\t\t\t\t\t\t\t\t\t\t\t\t\t\t<img decoding=\"async\" width=\"1459\" height=\"1459\" src=\"https:\/\/woinemer-brauerei.de\/wp-content\/uploads\/2026\/03\/biere.png\" class=\"attachment-full size-full wp-image-3704\" alt=\"\" srcset=\"https:\/\/woinemer-brauerei.de\/wp-content\/uploads\/2026\/03\/biere.png 1459w, https:\/\/woinemer-brauerei.de\/wp-content\/uploads\/2026\/03\/biere-300x300.png 300w, https:\/\/woinemer-brauerei.de\/wp-content\/uploads\/2026\/03\/biere-1024x1024.png 1024w, https:\/\/woinemer-brauerei.de\/wp-content\/uploads\/2026\/03\/biere-150x150.png 150w, https:\/\/woinemer-brauerei.de\/wp-content\/uploads\/2026\/03\/biere-768x768.png 768w, https:\/\/woinemer-brauerei.de\/wp-content\/uploads\/2026\/03\/biere-1320x1320.png 1320w\" sizes=\"(max-width: 1459px) 100vw, 1459px\" \/>\t\t\t\t\t\t\t\t\t\t\t\t\t\t\t<\/div>\n\t\t\t\t<\/div>\n\t\t\t\t\t<\/div>\n\t\t\t\t<\/div>\n\t\t<div class=\"elementor-element elementor-element-1e76b2a e-flex e-con-boxed e-con e-parent\" data-id=\"1e76b2a\" data-element_type=\"container\" data-e-type=\"container\" data-settings=\"{&quot;background_background&quot;:&quot;classic&quot;}\">\n\t\t\t\t\t<div class=\"e-con-inner\">\n\t\t\t\t<div class=\"elementor-element elementor-element-0bd8b87 elementor-invisible elementor-widget elementor-widget-heading\" data-id=\"0bd8b87\" data-element_type=\"widget\" data-e-type=\"widget\" data-settings=\"{&quot;_animation&quot;:&quot;fadeInDown&quot;}\" data-widget_type=\"heading.default\">\n\t\t\t\t\t<h2 class=\"elementor-heading-title elementor-size-default\">Historia de Woinemer<\/h2>\t\t\t\t<\/div>\n\t\t\t\t<div class=\"elementor-element elementor-element-f05f58b elementor-widget elementor-widget-heading\" data-id=\"f05f58b\" data-element_type=\"widget\" data-e-type=\"widget\" data-widget_type=\"heading.default\">\n\t\t\t\t\t<h3 class=\"elementor-heading-title elementor-size-default\">Manufactura cervecera e historia del edificio<\/h3>\t\t\t\t<\/div>\n\t\t\t\t\t<\/div>\n\t\t\t\t<\/div>\n\t\t<div class=\"elementor-element elementor-element-35818a5 e-flex e-con-boxed e-con e-parent\" data-id=\"35818a5\" data-element_type=\"container\" data-e-type=\"container\" data-settings=\"{&quot;background_background&quot;:&quot;classic&quot;}\">\n\t\t\t\t\t<div class=\"e-con-inner\">\n\t\t<div class=\"elementor-element elementor-element-ce4614b e-con-full e-flex e-con e-child\" data-id=\"ce4614b\" data-element_type=\"container\" data-e-type=\"container\">\n\t\t\t\t<div class=\"elementor-element elementor-element-953343e elementor-widget elementor-widget-image\" data-id=\"953343e\" data-element_type=\"widget\" data-e-type=\"widget\" data-widget_type=\"image.default\">\n\t\t\t\t\t\t\t\t\t\t\t\t\t\t\t<img decoding=\"async\" width=\"500\" height=\"375\" src=\"https:\/\/woinemer-brauerei.de\/wp-content\/uploads\/2025\/10\/Nostalgie-Geshichte.jpg\" class=\"attachment-large size-large wp-image-3699\" alt=\"\" srcset=\"https:\/\/woinemer-brauerei.de\/wp-content\/uploads\/2025\/10\/Nostalgie-Geshichte.jpg 500w, https:\/\/woinemer-brauerei.de\/wp-content\/uploads\/2025\/10\/Nostalgie-Geshichte-300x225.jpg 300w\" sizes=\"(max-width: 500px) 100vw, 500px\" \/>\t\t\t\t\t\t\t\t\t\t\t\t\t\t\t<\/div>\n\t\t\t\t<\/div>\n\t\t<div class=\"elementor-element elementor-element-01b981f e-con-full e-flex e-con e-child\" data-id=\"01b981f\" data-element_type=\"container\" data-e-type=\"container\">\n\t\t\t\t<div class=\"elementor-element elementor-element-f0f1b27 elementor-widget elementor-widget-heading\" data-id=\"f0f1b27\" data-element_type=\"widget\" data-e-type=\"widget\" data-widget_type=\"heading.default\">\n\t\t\t\t\t<h2 class=\"elementor-heading-title elementor-size-default\">La Woinemer Hausbrauerei<\/h2>\t\t\t\t<\/div>\n\t\t\t\t<div class=\"elementor-element elementor-element-f3d7ddc elementor-widget elementor-widget-text-editor\" data-id=\"f3d7ddc\" data-element_type=\"widget\" data-e-type=\"widget\" data-widget_type=\"text-editor.default\">\n\t\t\t\t\t\t\t\t\t<p>Representamos el arte de la elaboraci\u00f3n independiente y aut\u00e9ntica, y el disfrute exclusivo de la cerveza. En nuestra manufactura de Weinheim an der Bergstra\u00dfe, nos aseguramos desde hace muchos a\u00f1os de que las mejores materias primas, la artesan\u00eda tradicional y las ideas innovadoras den lugar a cervezas (y licores) de primera clase. <\/p><p>Cervezas que son como deben ser: artesanalmente perfectas y con un sabor \u00fanico.<\/p><p>La elaboraci\u00f3n de cerveza es un oficio. Una tradici\u00f3n que ha crecido durante generaciones, marcada por la creatividad y la pasi\u00f3n de los maestros cerveceros. Personas que se han comprometido con un objetivo com\u00fan:  <\/p>\t\t\t\t\t\t\t\t<\/div>\n\t\t\t\t<\/div>\n\t\t\t\t\t<\/div>\n\t\t\t\t<\/div>\n\t\t<div class=\"elementor-element elementor-element-3e8222b e-flex e-con-boxed e-con e-parent\" data-id=\"3e8222b\" data-element_type=\"container\" data-e-type=\"container\" data-settings=\"{&quot;background_background&quot;:&quot;classic&quot;}\">\n\t\t\t\t\t<div class=\"e-con-inner\">\n\t\t\t\t<div class=\"elementor-element elementor-element-c472ad9 elementor-invisible elementor-widget elementor-widget-heading\" data-id=\"c472ad9\" data-element_type=\"widget\" data-e-type=\"widget\" data-settings=\"{&quot;_animation&quot;:&quot;fadeInDown&quot;}\" data-widget_type=\"heading.default\">\n\t\t\t\t\t<h2 class=\"elementor-heading-title elementor-size-default\">Evoluci\u00f3n de nuestra manufactura cervecera<\/h2>\t\t\t\t<\/div>\n\t\t\t\t<div class=\"elementor-element elementor-element-915eddd elementor-widget elementor-widget-heading\" data-id=\"915eddd\" data-element_type=\"widget\" data-e-type=\"widget\" data-widget_type=\"heading.default\">\n\t\t\t\t\t<h3 class=\"elementor-heading-title elementor-size-default\">Desde 2000 hasta hoy.<\/h3>\t\t\t\t<\/div>\n\t\t\t\t\t<\/div>\n\t\t\t\t<\/div>\n\t\t<div class=\"elementor-element elementor-element-e671938 e-flex e-con-boxed e-con e-parent\" data-id=\"e671938\" data-element_type=\"container\" data-e-type=\"container\" data-settings=\"{&quot;background_background&quot;:&quot;classic&quot;}\">\n\t\t\t\t\t<div class=\"e-con-inner\">\n\t\t<div class=\"elementor-element elementor-element-068169f e-con-full e-flex e-con e-child\" data-id=\"068169f\" data-element_type=\"container\" data-e-type=\"container\">\n\t\t\t\t<div class=\"elementor-element elementor-element-981e543 elementor-widget elementor-widget-html\" data-id=\"981e543\" data-element_type=\"widget\" data-e-type=\"widget\" data-widget_type=\"html.default\">\n\t\t\t\t\t<style>\n.timeline-container {\n  position: relative;\n  border-left: 2px solid #BA9F5C;\n  padding-left: 30px;\n  margin-left: 10px;\n}\n\n.timeline-item {\n  margin-bottom: 40px;\n}\n\n.timeline-item h4 {\n  margin: 0 0 5px;\n  font-weight: bold;\n  color: #BA9F5C;\n}\n\n.timeline-item p {\n  margin: 0;\n  color: white;\n}\n<\/style>\n\n<div class=\"timeline-container\">\n  <div class=\"timeline-item\">\n    <h4>2000<\/h4>\n    <p>Embotellado en la tradicional botella con cierre de clip; la cerveza Woinemer ya est\u00e1 disponible en el comercio regional; nace la marca Plob<\/p>\n  <\/div>\n  <div class=\"timeline-item\">\n    <h4>2009<\/h4>\n    <p>1.\u00aa traves\u00eda en balsa Woinemer; le siguen las de 2013 y 2017<\/p>\n  <\/div>\n  <div class=\"timeline-item\">\n    <h4>31.10.2010<\/h4>\n    <p>Estreno de la Woinemer Lokalrunde: la primera apertura pol\u00edtica de barril con el conjunto de cabaret \u201cpropio\u201d en el Br\u00e4ukeller con entradas agotadas; le siguen 10 a\u00f1os m\u00e1s<\/p>\n  <\/div>\n  <div class=\"timeline-item\">\n    <h4>2015<\/h4>\n    <p>Ahora tambi\u00e9n ginebra de nuestra propia destiler\u00eda: London Dry Gin cl\u00e1sica de destilaci\u00f3n m\u00faltiple<\/p>\n    <p>Construcci\u00f3n de una nueva sala de fermentaci\u00f3n en el patio de la cervecer\u00eda con 2 cubas abiertas; ahora el proceso de fermentaci\u00f3n se puede vivir en directo<\/p>\n  <\/div>\n  <div class=\"timeline-item\">\n    <h4>2019<\/h4>\n    <p>Inversi\u00f3n en una nueva y moderna sala de cocci\u00f3n, con enfoque en la eficiencia energ\u00e9tica<\/p>\n  <\/div>\n  <div class=\"timeline-item\">\n    <h4>2020<\/h4>\n    <p>Remodelaci\u00f3n de la \u201cAntigua Sala de Cocci\u00f3n\u201d en una nueva zona de restauraci\u00f3n con Skysportsbar<\/p>\n    <p>Inversi\u00f3n en una peque\u00f1a planta de embotellado propia<\/p>\n    <p><strong>bierzeit &amp; ALLAHOPF<\/strong> nuevos en la gama: a partir de ahora, todas las cervezas de temporada y artesanales pueden embotellarse reci\u00e9n hechas<\/p>\n  <\/div>\n<\/div>\t\t\t\t<\/div>\n\t\t\t\t<\/div>\n\t\t\t\t\t<\/div>\n\t\t\t\t<\/div>\n\t\t<div class=\"elementor-element elementor-element-4c0dd95 e-flex e-con-boxed e-con e-parent\" data-id=\"4c0dd95\" data-element_type=\"container\" data-e-type=\"container\" data-settings=\"{&quot;background_background&quot;:&quot;classic&quot;}\">\n\t\t\t\t\t<div class=\"e-con-inner\">\n\t\t\t\t<div class=\"elementor-element elementor-element-3db6df9 elementor-invisible elementor-widget elementor-widget-heading\" data-id=\"3db6df9\" data-element_type=\"widget\" data-e-type=\"widget\" data-settings=\"{&quot;_animation&quot;:&quot;fadeInDown&quot;}\" data-widget_type=\"heading.default\">\n\t\t\t\t\t<h2 class=\"elementor-heading-title elementor-size-default\">Historia del edificio<\/h2>\t\t\t\t<\/div>\n\t\t\t\t<div class=\"elementor-element elementor-element-db7c264 elementor-widget elementor-widget-heading\" data-id=\"db7c264\" data-element_type=\"widget\" data-e-type=\"widget\" data-widget_type=\"heading.default\">\n\t\t\t\t\t<h3 class=\"elementor-heading-title elementor-size-default\">Desde 1880 hasta hoy.<\/h3>\t\t\t\t<\/div>\n\t\t\t\t\t<\/div>\n\t\t\t\t<\/div>\n\t\t<div class=\"elementor-element elementor-element-3698c26 e-flex e-con-boxed e-con e-parent\" data-id=\"3698c26\" data-element_type=\"container\" data-e-type=\"container\" data-settings=\"{&quot;background_background&quot;:&quot;classic&quot;}\">\n\t\t\t\t\t<div class=\"e-con-inner\">\n\t\t<div class=\"elementor-element elementor-element-655bc78 e-con-full e-flex e-con e-child\" data-id=\"655bc78\" data-element_type=\"container\" data-e-type=\"container\">\n\t\t\t\t<div class=\"elementor-element elementor-element-cfd6e5f elementor-widget elementor-widget-html\" data-id=\"cfd6e5f\" data-element_type=\"widget\" data-e-type=\"widget\" data-widget_type=\"html.default\">\n\t\t\t\t\t<style>\n.timeline-container {\n  position: relative;\n  border-left: 2px solid #BA9F5C;\n  padding-left: 30px;\n  margin-left: 10px;\n}\n\n.timeline-item {\n  margin-bottom: 40px;\n}\n\n.timeline-item h4 {\n  margin: 0 0 5px;\n  font-weight: bold;\n  color: #BA9F5C;\n}\n\n.timeline-item p {\n  margin: 0;\n  color: white;\n}\n<\/style>\n\n<div class=\"timeline-container\">\n  <div class=\"timeline-item\">\n    <h4>1880<\/h4>\n    <p>Construido como bodega de hielo y enfriador abierto en el marco de la construcci\u00f3n de la nueva cervecer\u00eda de la familia Valentin Metz &amp; Hijos<\/p>\n  <\/div>\n  <div class=\"timeline-item\">\n    <h4>1899<\/h4>\n    <p>Disoluci\u00f3n de la empresa familiar; el \u00e1rea pas\u00f3 a ser propiedad de la viner\u00eda Philipp Meiser<\/p>\n  <\/div>\n  <div class=\"timeline-item\">\n    <h4>1917<\/h4>\n    <p>Adquisici\u00f3n de la propiedad por la familia Philipp Wilhelm Rick<\/p>\n  <\/div>\n  <div class=\"timeline-item\">\n    <h4>1979 \u2013 1986<\/h4>\n    <p>Alquiler del edificio a la bodega del castillo Gr\u00e4flich von Berckheim<\/p>\n  <\/div>\n  <div class=\"timeline-item\">\n    <h4>desde 1986<\/h4>\n    <p>Continuaci\u00f3n de la tradici\u00f3n como recinto cervecero mediante la fundaci\u00f3n de Woinemer Hausbrauerei<\/p>\n  <\/div>\n  <div class=\"timeline-item\">\n    <h4>1986 \u2013 1998<\/h4>\n    <p>Operada por Gasthaus Brauerei GmbH<\/p>\n  <\/div>\n  <div class=\"timeline-item\">\n    <h4>desde abril de 1998<\/h4>\n    <p>Traspaso a Hardt &amp; Andreas OHG<\/p>\n  <\/div>\n  <div class=\"timeline-item\">\n    <h4>2015<\/h4>\n    <p>Adquisici\u00f3n de los inmuebles Friedrichstrasse 23 y 25 (antigua Sonnenapotheke, hoy aparcamiento) por Hardt &amp; Andreas OHG (Woinemer Hausbrauerei)<\/p>\n  <\/div>\n<\/div>\t\t\t\t<\/div>\n\t\t\t\t<\/div>\n\t\t\t\t\t<\/div>\n\t\t\t\t<\/div>\n\t\t\t\t<\/div>\n\t\t","protected":false},"excerpt":{"rendered":"<p>Nuestra visi\u00f3n y misi\u00f3n Tenemos energ\u00eda de sobra.Arte cervecero aut\u00e9ntico e independiente para los Woinemer. Nuestra visi\u00f3n En WOINEMER tenemos la visi\u00f3n de ser y seguir siendo siempre aut\u00e9nticos e innovadores. Para ello, queremos trabajar de forma constante para poder ofrecer siempre a nuestros clientes productos WOINEMER innovadores, de alta calidad y acordes a los [&hellip;]<\/p>\n","protected":false},"author":1,"featured_media":0,"parent":0,"menu_order":0,"comment_status":"closed","ping_status":"closed","template":"elementor_header_footer","meta":{"footnotes":""},"class_list":["post-3697","page","type-page","status-publish","hentry"],"_links":{"self":[{"href":"https:\/\/woinemer-brauerei.de\/es\/wp-json\/wp\/v2\/pages\/3697","targetHints":{"allow":["GET"]}}],"collection":[{"href":"https:\/\/woinemer-brauerei.de\/es\/wp-json\/wp\/v2\/pages"}],"about":[{"href":"https:\/\/woinemer-brauerei.de\/es\/wp-json\/wp\/v2\/types\/page"}],"author":[{"embeddable":true,"href":"https:\/\/woinemer-brauerei.de\/es\/wp-json\/wp\/v2\/users\/1"}],"replies":[{"embeddable":true,"href":"https:\/\/woinemer-brauerei.de\/es\/wp-json\/wp\/v2\/comments?post=3697"}],"version-history":[{"count":1,"href":"https:\/\/woinemer-brauerei.de\/es\/wp-json\/wp\/v2\/pages\/3697\/revisions"}],"predecessor-version":[{"id":3706,"href":"https:\/\/woinemer-brauerei.de\/es\/wp-json\/wp\/v2\/pages\/3697\/revisions\/3706"}],"wp:attachment":[{"href":"https:\/\/woinemer-brauerei.de\/es\/wp-json\/wp\/v2\/media?parent=3697"}],"curies":[{"name":"wp","href":"https:\/\/api.w.org\/{rel}","templated":true}]}}