{"id":3666,"date":"2025-12-02T11:06:20","date_gmt":"2025-12-02T10:06:20","guid":{"rendered":"https:\/\/woinemer-brauerei.de\/nuestras-cervezas\/"},"modified":"2026-04-09T10:16:40","modified_gmt":"2026-04-09T08:16:40","slug":"nuestras-cervezas","status":"publish","type":"page","link":"https:\/\/woinemer-brauerei.de\/es\/nuestras-cervezas\/","title":{"rendered":"Nuestras cervezas"},"content":{"rendered":"\t\t<div data-elementor-type=\"wp-page\" data-elementor-id=\"3666\" class=\"elementor elementor-3666 elementor-1236\" data-elementor-post-type=\"page\">\n\t\t\t\t<div class=\"elementor-element elementor-element-f5fb687 e-flex e-con-boxed e-con e-parent\" data-id=\"f5fb687\" data-element_type=\"container\" data-e-type=\"container\" data-settings=\"{&quot;background_background&quot;:&quot;classic&quot;}\">\n\t\t\t\t\t<div class=\"e-con-inner\">\n\t\t\t\t\t<\/div>\n\t\t\t\t<\/div>\n\t\t<div class=\"elementor-element elementor-element-0d3c2ff e-flex e-con-boxed e-con e-parent\" data-id=\"0d3c2ff\" data-element_type=\"container\" data-e-type=\"container\" data-settings=\"{&quot;background_background&quot;:&quot;classic&quot;}\">\n\t\t\t\t\t<div class=\"e-con-inner\">\n\t\t\t\t<div class=\"elementor-element elementor-element-7451bd7 elementor-invisible elementor-widget elementor-widget-heading\" data-id=\"7451bd7\" data-element_type=\"widget\" data-e-type=\"widget\" data-settings=\"{&quot;_animation&quot;:&quot;fadeInDown&quot;}\" data-widget_type=\"heading.default\">\n\t\t\t\t\t<h1 class=\"elementor-heading-title elementor-size-default\">Variedad de cervezas Woinemer<\/h1>\t\t\t\t<\/div>\n\t\t\t\t<div class=\"elementor-element elementor-element-546f27d elementor-widget elementor-widget-heading\" data-id=\"546f27d\" data-element_type=\"widget\" data-e-type=\"widget\" data-widget_type=\"heading.default\">\n\t\t\t\t\t<h3 class=\"elementor-heading-title elementor-size-default\">\u00a1Una selecci\u00f3n que no te dejar\u00e1 indiferente!<\/h3>\t\t\t\t<\/div>\n\t\t\t\t<div class=\"elementor-element elementor-element-b4c6e3e elementor-widget elementor-widget-text-editor\" data-id=\"b4c6e3e\" data-element_type=\"widget\" data-e-type=\"widget\" data-widget_type=\"text-editor.default\">\n\t\t\t\t\t\t\t\t\t<p>Hay algo para todos, tambi\u00e9n para disfrutar en casa con nuestra tienda<\/p>\t\t\t\t\t\t\t\t<\/div>\n\t\t\t\t<div class=\"elementor-element elementor-element-97bfcee elementor-tablet-align-center elementor-widget elementor-widget-button\" data-id=\"97bfcee\" data-element_type=\"widget\" data-e-type=\"widget\" data-widget_type=\"button.default\">\n\t\t\t\t\t\t\t\t\t\t<a class=\"elementor-button elementor-button-link elementor-size-sm\" href=\"https:\/\/shop.woinemer-brauerei.de\">\n\t\t\t\t\t\t<span class=\"elementor-button-content-wrapper\">\n\t\t\t\t\t\t\t\t\t<span class=\"elementor-button-text\">Comprar ahora en la tienda<\/span>\n\t\t\t\t\t<\/span>\n\t\t\t\t\t<\/a>\n\t\t\t\t\t\t\t\t<\/div>\n\t\t\t\t<div class=\"elementor-element elementor-element-2e61361 elementor-widget elementor-widget-spacer\" data-id=\"2e61361\" data-element_type=\"widget\" data-e-type=\"widget\" data-widget_type=\"spacer.default\">\n\t\t\t\t\t\t\t<div class=\"elementor-spacer\">\n\t\t\t<div class=\"elementor-spacer-inner\"><\/div>\n\t\t<\/div>\n\t\t\t\t\t\t<\/div>\n\t\t\t\t\t<\/div>\n\t\t\t\t<\/div>\n\t\t<div class=\"elementor-element elementor-element-6c77e90 e-flex e-con-boxed e-con e-parent\" data-id=\"6c77e90\" data-element_type=\"container\" data-e-type=\"container\" data-settings=\"{&quot;background_background&quot;:&quot;classic&quot;}\">\n\t\t\t\t\t<div class=\"e-con-inner\">\n\t\t\t\t<div class=\"elementor-element elementor-element-312b35a elementor-invisible elementor-widget elementor-widget-heading\" data-id=\"312b35a\" data-element_type=\"widget\" data-e-type=\"widget\" data-settings=\"{&quot;_animation&quot;:&quot;fadeInDown&quot;}\" data-widget_type=\"heading.default\">\n\t\t\t\t\t<h2 class=\"elementor-heading-title elementor-size-default\">Nuestras estrellas<\/h2>\t\t\t\t<\/div>\n\t\t<div class=\"elementor-element elementor-element-284a068 e-con-full e-flex e-con e-child\" data-id=\"284a068\" data-element_type=\"container\" data-e-type=\"container\">\n\t\t<div class=\"elementor-element elementor-element-9fae4dd e-con-full e-flex e-con e-child\" data-id=\"9fae4dd\" data-element_type=\"container\" data-e-type=\"container\" data-settings=\"{&quot;background_background&quot;:&quot;classic&quot;}\">\n\t\t\t\t<\/div>\n\t\t<div class=\"elementor-element elementor-element-66cbc22 e-con-full e-flex e-con e-child\" data-id=\"66cbc22\" data-element_type=\"container\" data-e-type=\"container\">\n\t\t\t\t<div class=\"elementor-element elementor-element-4f01a5b elementor-widget elementor-widget-heading\" data-id=\"4f01a5b\" data-element_type=\"widget\" data-e-type=\"widget\" data-widget_type=\"heading.default\">\n\t\t\t\t\t<h3 class=\"elementor-heading-title elementor-size-default\">1.<\/h3>\t\t\t\t<\/div>\n\t\t\t\t<div class=\"elementor-element elementor-element-afec3e0 elementor-widget elementor-widget-heading\" data-id=\"afec3e0\" data-element_type=\"widget\" data-e-type=\"widget\" data-widget_type=\"heading.default\">\n\t\t\t\t\t<h2 class=\"elementor-heading-title elementor-size-default\">Woinemer Helles<\/h2>\t\t\t\t<\/div>\n\t\t\t\t<div class=\"elementor-element elementor-element-8adc3db elementor-widget elementor-widget-text-editor\" data-id=\"8adc3db\" data-element_type=\"widget\" data-e-type=\"widget\" data-widget_type=\"text-editor.default\">\n\t\t\t\t\t\t\t\t\t<p><em>Alc. 5,1% <\/em><\/p><p>A veces solo necesitas una cerveza que funcione sin rodeos, una que abras, bebas y sepas al instante: esto es justo lo que me hac\u00eda falta. Nuestra Helles es exactamente as\u00ed: una rubia natural y f\u00e1cil de beber, con un toque m\u00e1s de cuerpo que nuestra Helles cl\u00e1sica. <\/p>\t\t\t\t\t\t\t\t<\/div>\n\t\t\t\t<\/div>\n\t\t\t\t<\/div>\n\t\t<div class=\"elementor-element elementor-element-2e83cce e-con-full e-flex e-con e-child\" data-id=\"2e83cce\" data-element_type=\"container\" data-e-type=\"container\">\n\t\t<div class=\"elementor-element elementor-element-6a9c8b7 e-con-full e-flex e-con e-child\" data-id=\"6a9c8b7\" data-element_type=\"container\" data-e-type=\"container\">\n\t\t\t\t<div class=\"elementor-element elementor-element-f074a6b elementor-widget elementor-widget-heading\" data-id=\"f074a6b\" data-element_type=\"widget\" data-e-type=\"widget\" data-widget_type=\"heading.default\">\n\t\t\t\t\t<h3 class=\"elementor-heading-title elementor-size-default\">2.<\/h3>\t\t\t\t<\/div>\n\t\t\t\t<div class=\"elementor-element elementor-element-5c4e569 elementor-widget elementor-widget-heading\" data-id=\"5c4e569\" data-element_type=\"widget\" data-e-type=\"widget\" data-widget_type=\"heading.default\">\n\t\t\t\t\t<h2 class=\"elementor-heading-title elementor-size-default\">Woinemer Dunkles<\/h2>\t\t\t\t<\/div>\n\t\t\t\t<div class=\"elementor-element elementor-element-ec36810 elementor-widget elementor-widget-text-editor\" data-id=\"ec36810\" data-element_type=\"widget\" data-e-type=\"widget\" data-widget_type=\"text-editor.default\">\n\t\t\t\t\t\t\t\t\t<p><em>Alc. 5,1% <\/em><\/p><p>Cuando fuera oscurece o simplemente te apetece m\u00e1s profundidad en la copa, la bierzeit Dunkles es tu cerveza. Un aut\u00e9ntico cl\u00e1sico b\u00e1varo: con cuerpo, equilibrada y con ese car\u00e1cter de malta maravillosamente c\u00e1lido que te invita a relajarte de inmediato. <\/p>\t\t\t\t\t\t\t\t<\/div>\n\t\t\t\t<\/div>\n\t\t<div class=\"elementor-element elementor-element-d0dadd8 e-con-full e-flex e-con e-child\" data-id=\"d0dadd8\" data-element_type=\"container\" data-e-type=\"container\" data-settings=\"{&quot;background_background&quot;:&quot;classic&quot;}\">\n\t\t\t\t<\/div>\n\t\t\t\t<\/div>\n\t\t<div class=\"elementor-element elementor-element-3669201 e-con-full e-flex e-con e-child\" data-id=\"3669201\" data-element_type=\"container\" data-e-type=\"container\">\n\t\t<div class=\"elementor-element elementor-element-20a6150 e-con-full e-flex e-con e-child\" data-id=\"20a6150\" data-element_type=\"container\" data-e-type=\"container\" data-settings=\"{&quot;background_background&quot;:&quot;classic&quot;}\">\n\t\t\t\t<\/div>\n\t\t<div class=\"elementor-element elementor-element-dd6a1fd e-con-full e-flex e-con e-child\" data-id=\"dd6a1fd\" data-element_type=\"container\" data-e-type=\"container\">\n\t\t\t\t<div class=\"elementor-element elementor-element-77df7ed elementor-widget elementor-widget-heading\" data-id=\"77df7ed\" data-element_type=\"widget\" data-e-type=\"widget\" data-widget_type=\"heading.default\">\n\t\t\t\t\t<h3 class=\"elementor-heading-title elementor-size-default\">3.<\/h3>\t\t\t\t<\/div>\n\t\t\t\t<div class=\"elementor-element elementor-element-4f12297 elementor-widget elementor-widget-heading\" data-id=\"4f12297\" data-element_type=\"widget\" data-e-type=\"widget\" data-widget_type=\"heading.default\">\n\t\t\t\t\t<h2 class=\"elementor-heading-title elementor-size-default\">Woinemer Weizen<\/h2>\t\t\t\t<\/div>\n\t\t\t\t<div class=\"elementor-element elementor-element-a7dc45a elementor-widget elementor-widget-text-editor\" data-id=\"a7dc45a\" data-element_type=\"widget\" data-e-type=\"widget\" data-widget_type=\"text-editor.default\">\n\t\t\t\t\t\t\t\t\t<p><em>Alc. 4,8% <\/em><\/p><p>Si buscas una cerveza de trigo que sea puro disfrute, est\u00e1s en el lugar adecuado. Con cuerpo, afrutada y con ese aroma t\u00edpico a pl\u00e1tano que hace tan encantadora a una buena Weizen: suave, cremosa y deliciosamente delicada en el paladar. <\/p>\t\t\t\t\t\t\t\t<\/div>\n\t\t\t\t<\/div>\n\t\t\t\t<\/div>\n\t\t<div class=\"elementor-element elementor-element-109a8ff e-con-full e-flex e-con e-child\" data-id=\"109a8ff\" data-element_type=\"container\" data-e-type=\"container\">\n\t\t<div class=\"elementor-element elementor-element-b184b91 e-con-full e-flex e-con e-child\" data-id=\"b184b91\" data-element_type=\"container\" data-e-type=\"container\">\n\t\t\t\t<div class=\"elementor-element elementor-element-7116155 elementor-widget elementor-widget-heading\" data-id=\"7116155\" data-element_type=\"widget\" data-e-type=\"widget\" data-widget_type=\"heading.default\">\n\t\t\t\t\t<h3 class=\"elementor-heading-title elementor-size-default\">4.<\/h3>\t\t\t\t<\/div>\n\t\t\t\t<div class=\"elementor-element elementor-element-0958b95 elementor-widget elementor-widget-heading\" data-id=\"0958b95\" data-element_type=\"widget\" data-e-type=\"widget\" data-widget_type=\"heading.default\">\n\t\t\t\t\t<h2 class=\"elementor-heading-title elementor-size-default\">Woinemer Pils<\/h2>\t\t\t\t<\/div>\n\t\t\t\t<div class=\"elementor-element elementor-element-0c6fc90 elementor-widget elementor-widget-text-editor\" data-id=\"0c6fc90\" data-element_type=\"widget\" data-e-type=\"widget\" data-widget_type=\"text-editor.default\">\n\t\t\t\t\t\t\t\t\t<p><em>Alc. 4,9%<\/em><\/p><p>Si buscas una Pils sin adornos y que simplemente sepa honestamente bien, aqu\u00ed la tienes. Nuestra Woinemer Pils es una Pilsener de elaboraci\u00f3n cl\u00e1sica y turbidez natural: con el amargor t\u00edpico del estilo, llena de car\u00e1cter y disponible todo el a\u00f1o. Para conocedores, para sibaritas y para todos los que saben c\u00f3mo debe saber una Pils.  <\/p>\t\t\t\t\t\t\t\t<\/div>\n\t\t\t\t<\/div>\n\t\t<div class=\"elementor-element elementor-element-acc9c4e e-con-full e-flex e-con e-child\" data-id=\"acc9c4e\" data-element_type=\"container\" data-e-type=\"container\" data-settings=\"{&quot;background_background&quot;:&quot;classic&quot;}\">\n\t\t\t\t<\/div>\n\t\t\t\t<\/div>\n\t\t\t\t\t<\/div>\n\t\t\t\t<\/div>\n\t\t<div class=\"elementor-element elementor-element-2b1b221 e-flex e-con-boxed e-con e-parent\" data-id=\"2b1b221\" data-element_type=\"container\" data-e-type=\"container\" data-settings=\"{&quot;background_background&quot;:&quot;classic&quot;}\">\n\t\t\t\t\t<div class=\"e-con-inner\">\n\t\t\t\t<div class=\"elementor-element elementor-element-40427a0 elementor-invisible elementor-widget elementor-widget-heading\" data-id=\"40427a0\" data-element_type=\"widget\" data-e-type=\"widget\" data-settings=\"{&quot;_animation&quot;:&quot;fadeInDown&quot;}\" data-widget_type=\"heading.default\">\n\t\t\t\t\t<h2 class=\"elementor-heading-title elementor-size-default\">Cervezas de temporada actuales<\/h2>\t\t\t\t<\/div>\n\t\t<div class=\"elementor-element elementor-element-9501610 e-con-full e-flex e-con e-child\" data-id=\"9501610\" data-element_type=\"container\" data-e-type=\"container\">\n\t\t<div class=\"elementor-element elementor-element-e17c2f1 e-con-full e-flex e-con e-child\" data-id=\"e17c2f1\" data-element_type=\"container\" data-e-type=\"container\" data-settings=\"{&quot;background_background&quot;:&quot;classic&quot;}\">\n\t\t\t\t<\/div>\n\t\t<div class=\"elementor-element elementor-element-64b22e5 e-con-full e-flex e-con e-child\" data-id=\"64b22e5\" data-element_type=\"container\" data-e-type=\"container\">\n\t\t\t\t<div class=\"elementor-element elementor-element-7e9bc7e elementor-widget elementor-widget-heading\" data-id=\"7e9bc7e\" data-element_type=\"widget\" data-e-type=\"widget\" data-widget_type=\"heading.default\">\n\t\t\t\t\t<h3 class=\"elementor-heading-title elementor-size-default\">1.<\/h3>\t\t\t\t<\/div>\n\t\t\t\t<div class=\"elementor-element elementor-element-0a99522 elementor-widget elementor-widget-heading\" data-id=\"0a99522\" data-element_type=\"widget\" data-e-type=\"widget\" data-widget_type=\"heading.default\">\n\t\t\t\t\t<h2 class=\"elementor-heading-title elementor-size-default\">Maximus<\/h2>\t\t\t\t<\/div>\n\t\t\t\t<div class=\"elementor-element elementor-element-f223ef1 elementor-widget elementor-widget-text-editor\" data-id=\"f223ef1\" data-element_type=\"widget\" data-e-type=\"widget\" data-widget_type=\"text-editor.default\">\n\t\t\t\t\t\t\t\t\t<p>Alc. 6,5% <\/p><p>La suave Weizenbock con el m\u00e1ximo aroma<\/p><p><strong>Maximus<\/strong> es nuestra Weizenbock de la serie de cervezas artesanas <strong>ALLA HOPF<\/strong>: fuerte de nombre, sorprendentemente delicada de sabor. Ya desde el primer sorbo se despliega un <strong>aroma afrutado a trigo<\/strong> que recuerda inmediatamente al <strong>pl\u00e1tano maduro<\/strong>, acompa\u00f1ado de frescas <strong>notas c\u00edtricas<\/strong> que le dan a la cerveza un frescor ligero y vibrante. <\/p><p>En el paladar, Maximus se muestra suave y cremosa, antes de dejar <strong>una nota amarga y especiada en el retrogusto<\/strong> que la equilibra de maravilla. Una Weizenbock que empieza con fuerza, contin\u00faa con suavidad y termina con car\u00e1cter; perfecta para quienes aman los aromas afrutados y un cuerpo redondo y suave. <\/p>\t\t\t\t\t\t\t\t<\/div>\n\t\t\t\t<\/div>\n\t\t\t\t<\/div>\n\t\t<div class=\"elementor-element elementor-element-d72ea3e e-con-full e-flex e-con e-child\" data-id=\"d72ea3e\" data-element_type=\"container\" data-e-type=\"container\">\n\t\t<div class=\"elementor-element elementor-element-bda8a77 e-con-full e-flex e-con e-child\" data-id=\"bda8a77\" data-element_type=\"container\" data-e-type=\"container\">\n\t\t\t\t<div class=\"elementor-element elementor-element-91a6faa elementor-widget elementor-widget-heading\" data-id=\"91a6faa\" data-element_type=\"widget\" data-e-type=\"widget\" data-widget_type=\"heading.default\">\n\t\t\t\t\t<h3 class=\"elementor-heading-title elementor-size-default\">2.<\/h3>\t\t\t\t<\/div>\n\t\t\t\t<div class=\"elementor-element elementor-element-e301ada elementor-widget elementor-widget-heading\" data-id=\"e301ada\" data-element_type=\"widget\" data-e-type=\"widget\" data-widget_type=\"heading.default\">\n\t\t\t\t\t<h2 class=\"elementor-heading-title elementor-size-default\">Eyeland of Hop<\/h2>\t\t\t\t<\/div>\n\t\t\t\t<div class=\"elementor-element elementor-element-c881dcb elementor-widget elementor-widget-text-editor\" data-id=\"c881dcb\" data-element_type=\"widget\" data-e-type=\"widget\" data-widget_type=\"text-editor.default\">\n\t\t\t\t\t\t\t\t\t<p><em>Alc. 5,8%<\/em><\/p><p>Nuestra <strong>Eyeland of Hop<\/strong> es una declaraci\u00f3n de amor a todo lo que hace especial a la cerveza artesana. Si te gustan los aromas afrutados, el arte cervecero artesanal y una buena dosis de \u201cAlla Hopf \u2013 Alla Gut\u201d, esta Pale Ale es tu cerveza. <\/p><p>Nada m\u00e1s olerla recibes toda la carga tropical: <strong>maracuy\u00e1, lim\u00f3n maduro y un toque de frutas ex\u00f3ticas<\/strong> saltan de la copa. En la lengua la experiencia contin\u00faa: <strong>un juego intenso de dulzor de malta potente y un amargor claro y agradable<\/strong> que te conquista sorbo a sorbo. <\/p>\t\t\t\t\t\t\t\t<\/div>\n\t\t\t\t<\/div>\n\t\t<div class=\"elementor-element elementor-element-04f7d9b e-con-full e-flex e-con e-child\" data-id=\"04f7d9b\" data-element_type=\"container\" data-e-type=\"container\" data-settings=\"{&quot;background_background&quot;:&quot;classic&quot;}\">\n\t\t\t\t<\/div>\n\t\t\t\t<\/div>\n\t\t<div class=\"elementor-element elementor-element-3e0859f e-con-full e-flex e-con e-child\" data-id=\"3e0859f\" data-element_type=\"container\" data-e-type=\"container\">\n\t\t<div class=\"elementor-element elementor-element-3483c63 e-con-full e-flex e-con e-child\" data-id=\"3483c63\" data-element_type=\"container\" data-e-type=\"container\" data-settings=\"{&quot;background_background&quot;:&quot;classic&quot;}\">\n\t\t\t\t<\/div>\n\t\t<div class=\"elementor-element elementor-element-3c1b4c8 e-con-full e-flex e-con e-child\" data-id=\"3c1b4c8\" data-element_type=\"container\" data-e-type=\"container\">\n\t\t\t\t<div class=\"elementor-element elementor-element-cd470d8 elementor-widget elementor-widget-heading\" data-id=\"cd470d8\" data-element_type=\"widget\" data-e-type=\"widget\" data-widget_type=\"heading.default\">\n\t\t\t\t\t<h3 class=\"elementor-heading-title elementor-size-default\">3.<\/h3>\t\t\t\t<\/div>\n\t\t\t\t<div class=\"elementor-element elementor-element-04925b2 elementor-widget elementor-widget-heading\" data-id=\"04925b2\" data-element_type=\"widget\" data-e-type=\"widget\" data-widget_type=\"heading.default\">\n\t\t\t\t\t<h2 class=\"elementor-heading-title elementor-size-default\">Irish Black<\/h2>\t\t\t\t<\/div>\n\t\t\t\t<div class=\"elementor-element elementor-element-2ae1ae2 elementor-widget elementor-widget-text-editor\" data-id=\"2ae1ae2\" data-element_type=\"widget\" data-e-type=\"widget\" data-widget_type=\"text-editor.default\">\n\t\t\t\t\t\t\t\t\t<p><em>Alc. 4,5% <\/em><\/p><p>Intensa, seca y t\u00edpicamente irlandesa, al estilo Woinemer<\/p><p>La Alla Hopf <strong>Irish Black<\/strong> es nuestra mirada m\u00e1s all\u00e1 de las fronteras: una Stout irlandesa que hemos elaborado con mucho cari\u00f1o, <strong>car\u00e1cter de malta oscura<\/strong> y un final agradablemente <strong>seco<\/strong>. Negra, potente y sorprendentemente ligera a la vez: una cerveza que te transporta a un pub irland\u00e9s desde el primer trago. <\/p><p>En cuanto al sabor, la Irish Black se muestra <strong>arom\u00e1tica de malta<\/strong>, sutilmente tostada y deliberadamente <strong>seca<\/strong>, dejando espacio para que el l\u00fapulo se integre con delicadeza. Esto la convierte en el aperitivo perfecto; s\u00ed, has le\u00eddo bien: una cerveza negra antes de comer que funciona de maravilla. <\/p>\t\t\t\t\t\t\t\t<\/div>\n\t\t\t\t<\/div>\n\t\t\t\t<\/div>\n\t\t\t\t\t<\/div>\n\t\t\t\t<\/div>\n\t\t\t\t<\/div>\n\t\t","protected":false},"excerpt":{"rendered":"<p>Variedad de cervezas Woinemer \u00a1Una selecci\u00f3n que no te dejar\u00e1 indiferente! Hay algo para todos, tambi\u00e9n para disfrutar en casa con nuestra tienda Comprar ahora en la tienda Nuestras estrellas 1. Woinemer Helles Alc. 5,1% A veces solo necesitas una cerveza que funcione sin rodeos, una que abras, bebas y sepas al instante: esto es [&hellip;]<\/p>\n","protected":false},"author":3,"featured_media":0,"parent":0,"menu_order":0,"comment_status":"closed","ping_status":"closed","template":"elementor_header_footer","meta":{"footnotes":""},"class_list":["post-3666","page","type-page","status-publish","hentry"],"_links":{"self":[{"href":"https:\/\/woinemer-brauerei.de\/es\/wp-json\/wp\/v2\/pages\/3666","targetHints":{"allow":["GET"]}}],"collection":[{"href":"https:\/\/woinemer-brauerei.de\/es\/wp-json\/wp\/v2\/pages"}],"about":[{"href":"https:\/\/woinemer-brauerei.de\/es\/wp-json\/wp\/v2\/types\/page"}],"author":[{"embeddable":true,"href":"https:\/\/woinemer-brauerei.de\/es\/wp-json\/wp\/v2\/users\/3"}],"replies":[{"embeddable":true,"href":"https:\/\/woinemer-brauerei.de\/es\/wp-json\/wp\/v2\/comments?post=3666"}],"version-history":[{"count":1,"href":"https:\/\/woinemer-brauerei.de\/es\/wp-json\/wp\/v2\/pages\/3666\/revisions"}],"predecessor-version":[{"id":3674,"href":"https:\/\/woinemer-brauerei.de\/es\/wp-json\/wp\/v2\/pages\/3666\/revisions\/3674"}],"wp:attachment":[{"href":"https:\/\/woinemer-brauerei.de\/es\/wp-json\/wp\/v2\/media?parent=3666"}],"curies":[{"name":"wp","href":"https:\/\/api.w.org\/{rel}","templated":true}]}}