{"id":3570,"date":"2025-10-15T11:05:30","date_gmt":"2025-10-15T09:05:30","guid":{"rendered":"https:\/\/woinemer-brauerei.de\/fabrica-de-cerveza-en-weinheim\/"},"modified":"2026-04-09T10:14:17","modified_gmt":"2026-04-09T08:14:17","slug":"fabrica-de-cerveza-en-weinheim","status":"publish","type":"page","link":"https:\/\/woinemer-brauerei.de\/es\/fabrica-de-cerveza-en-weinheim\/","title":{"rendered":"F\u00e1brica de cerveza en Weinheim"},"content":{"rendered":"\t\t<div data-elementor-type=\"wp-page\" data-elementor-id=\"3570\" class=\"elementor elementor-3570 elementor-893\" data-elementor-post-type=\"page\">\n\t\t\t\t<div class=\"elementor-element elementor-element-8ce3dad e-flex e-con-boxed e-con e-parent\" data-id=\"8ce3dad\" data-element_type=\"container\" data-e-type=\"container\" data-settings=\"{&quot;background_background&quot;:&quot;classic&quot;}\">\n\t\t\t\t\t<div class=\"e-con-inner\">\n\t\t\t\t\t<\/div>\n\t\t\t\t<\/div>\n\t\t<div class=\"elementor-element elementor-element-cf8699c e-flex e-con-boxed e-con e-parent\" data-id=\"cf8699c\" data-element_type=\"container\" data-e-type=\"container\" data-settings=\"{&quot;background_background&quot;:&quot;classic&quot;}\">\n\t\t\t\t\t<div class=\"e-con-inner\">\n\t\t\t\t<div class=\"elementor-element elementor-element-157441c elementor-invisible elementor-widget elementor-widget-heading\" data-id=\"157441c\" data-element_type=\"widget\" data-e-type=\"widget\" data-settings=\"{&quot;_animation&quot;:&quot;fadeInDown&quot;}\" data-widget_type=\"heading.default\">\n\t\t\t\t\t<h2 class=\"elementor-heading-title elementor-size-default\">Nuestra f\u00e1brica de cerveza<\/h2>\t\t\t\t<\/div>\n\t\t\t\t<div class=\"elementor-element elementor-element-fdc1113 elementor-widget elementor-widget-heading\" data-id=\"fdc1113\" data-element_type=\"widget\" data-e-type=\"widget\" data-widget_type=\"heading.default\">\n\t\t\t\t\t<h3 class=\"elementor-heading-title elementor-size-default\">La cerveza perfecta para cada gusto.<\/h3>\t\t\t\t<\/div>\n\t\t\t\t<div class=\"elementor-element elementor-element-cf583ff elementor-tablet-align-center elementor-widget elementor-widget-button\" data-id=\"cf583ff\" data-element_type=\"widget\" data-e-type=\"widget\" data-widget_type=\"button.default\">\n\t\t\t\t\t\t\t\t\t\t<a class=\"elementor-button elementor-button-link elementor-size-sm\" href=\"https:\/\/shop.woinemer-brauerei.de\/\">\n\t\t\t\t\t\t<span class=\"elementor-button-content-wrapper\">\n\t\t\t\t\t\t\t\t\t<span class=\"elementor-button-text\">Comprar ahora en la tienda<\/span>\n\t\t\t\t\t<\/span>\n\t\t\t\t\t<\/a>\n\t\t\t\t\t\t\t\t<\/div>\n\t\t<div class=\"elementor-element elementor-element-a9b979c e-con-full e-flex e-con e-child\" data-id=\"a9b979c\" data-element_type=\"container\" data-e-type=\"container\">\n\t\t<div class=\"elementor-element elementor-element-089e7f4 e-con-full e-flex elementor-invisible e-con e-child\" data-id=\"089e7f4\" data-element_type=\"container\" data-e-type=\"container\" data-settings=\"{&quot;background_background&quot;:&quot;classic&quot;,&quot;animation&quot;:&quot;fadeInLeft&quot;,&quot;animation_mobile&quot;:&quot;none&quot;}\">\n\t\t\t\t<div class=\"elementor-element elementor-element-a9d6a52 elementor-widget elementor-widget-image\" data-id=\"a9d6a52\" data-element_type=\"widget\" data-e-type=\"widget\" data-widget_type=\"image.default\">\n\t\t\t\t\t\t\t\t\t\t\t\t\t\t\t<img fetchpriority=\"high\" decoding=\"async\" width=\"2560\" height=\"1920\" src=\"https:\/\/woinemer-brauerei.de\/wp-content\/uploads\/2026\/02\/Bierzeit_Sortiment2-scaled.jpg\" class=\"attachment-full size-full wp-image-3572\" alt=\"Comprar cerveza online Tienda Woinemer Selecci\u00f3n bierzeit Alla Hopf\" srcset=\"https:\/\/woinemer-brauerei.de\/wp-content\/uploads\/2026\/02\/Bierzeit_Sortiment2-scaled.jpg 2560w, https:\/\/woinemer-brauerei.de\/wp-content\/uploads\/2026\/02\/Bierzeit_Sortiment2-300x225.jpg 300w, https:\/\/woinemer-brauerei.de\/wp-content\/uploads\/2026\/02\/Bierzeit_Sortiment2-1024x768.jpg 1024w, https:\/\/woinemer-brauerei.de\/wp-content\/uploads\/2026\/02\/Bierzeit_Sortiment2-768x576.jpg 768w, https:\/\/woinemer-brauerei.de\/wp-content\/uploads\/2026\/02\/Bierzeit_Sortiment2-1536x1152.jpg 1536w, https:\/\/woinemer-brauerei.de\/wp-content\/uploads\/2026\/02\/Bierzeit_Sortiment2-2048x1536.jpg 2048w, https:\/\/woinemer-brauerei.de\/wp-content\/uploads\/2026\/02\/Bierzeit_Sortiment2-1320x990.jpg 1320w\" sizes=\"(max-width: 2560px) 100vw, 2560px\" \/>\t\t\t\t\t\t\t\t\t\t\t\t\t\t\t<\/div>\n\t\t\t\t<div class=\"elementor-element elementor-element-dc9a81f elementor-widget elementor-widget-heading\" data-id=\"dc9a81f\" data-element_type=\"widget\" data-e-type=\"widget\" data-widget_type=\"heading.default\">\n\t\t\t\t\t<h2 class=\"elementor-heading-title elementor-size-default\">bierzeit<\/h2>\t\t\t\t<\/div>\n\t\t\t\t<div class=\"elementor-element elementor-element-d85cabf elementor-widget elementor-widget-text-editor\" data-id=\"d85cabf\" data-element_type=\"widget\" data-e-type=\"widget\" data-widget_type=\"text-editor.default\">\n\t\t\t\t\t\t\t\t\t<p>Bierzeit representa el arte cervecero honesto y el disfrute sin complicaciones.<\/p><p>Nuestra l\u00ednea combina la tradici\u00f3n cervecera cl\u00e1sica con frescura moderna \u2013 con car\u00e1cter, equilibrada y siempre adecuada.<\/p><p>Ya sea despu\u00e9s del trabajo, con la comida o simplemente en cualquier momento:<\/p><p><strong>Ahora es Bierzeit.<\/strong><\/p>\t\t\t\t\t\t\t\t<\/div>\n\t\t\t\t<div class=\"elementor-element elementor-element-72422ed elementor-tablet-align-center elementor-align-center elementor-widget elementor-widget-button\" data-id=\"72422ed\" data-element_type=\"widget\" data-e-type=\"widget\" data-widget_type=\"button.default\">\n\t\t\t\t\t\t\t\t\t\t<a class=\"elementor-button elementor-button-link elementor-size-sm\" href=\"https:\/\/shop.woinemer-brauerei.de\/shop\/?product_cat=brauerei\">\n\t\t\t\t\t\t<span class=\"elementor-button-content-wrapper\">\n\t\t\t\t\t\t\t\t\t<span class=\"elementor-button-text\">Ir a la tienda<\/span>\n\t\t\t\t\t<\/span>\n\t\t\t\t\t<\/a>\n\t\t\t\t\t\t\t\t<\/div>\n\t\t\t\t<\/div>\n\t\t<div class=\"elementor-element elementor-element-9c992eb e-con-full e-flex elementor-invisible e-con e-child\" data-id=\"9c992eb\" data-element_type=\"container\" data-e-type=\"container\" data-settings=\"{&quot;background_background&quot;:&quot;classic&quot;,&quot;animation&quot;:&quot;fadeInRight&quot;,&quot;animation_mobile&quot;:&quot;none&quot;}\">\n\t\t\t\t<div class=\"elementor-element elementor-element-8505560 elementor-widget elementor-widget-image\" data-id=\"8505560\" data-element_type=\"widget\" data-e-type=\"widget\" data-widget_type=\"image.default\">\n\t\t\t\t\t\t\t\t\t\t\t\t\t\t\t<img decoding=\"async\" width=\"2560\" height=\"1920\" src=\"https:\/\/woinemer-brauerei.de\/wp-content\/uploads\/2026\/02\/AllaHopf_Sortiment-scaled.jpg\" class=\"attachment-full size-full wp-image-3573\" alt=\"\" srcset=\"https:\/\/woinemer-brauerei.de\/wp-content\/uploads\/2026\/02\/AllaHopf_Sortiment-scaled.jpg 2560w, https:\/\/woinemer-brauerei.de\/wp-content\/uploads\/2026\/02\/AllaHopf_Sortiment-300x225.jpg 300w, https:\/\/woinemer-brauerei.de\/wp-content\/uploads\/2026\/02\/AllaHopf_Sortiment-1024x768.jpg 1024w, https:\/\/woinemer-brauerei.de\/wp-content\/uploads\/2026\/02\/AllaHopf_Sortiment-768x576.jpg 768w, https:\/\/woinemer-brauerei.de\/wp-content\/uploads\/2026\/02\/AllaHopf_Sortiment-1536x1152.jpg 1536w, https:\/\/woinemer-brauerei.de\/wp-content\/uploads\/2026\/02\/AllaHopf_Sortiment-2048x1536.jpg 2048w, https:\/\/woinemer-brauerei.de\/wp-content\/uploads\/2026\/02\/AllaHopf_Sortiment-1320x990.jpg 1320w\" sizes=\"(max-width: 2560px) 100vw, 2560px\" \/>\t\t\t\t\t\t\t\t\t\t\t\t\t\t\t<\/div>\n\t\t\t\t<div class=\"elementor-element elementor-element-50c1150 elementor-widget elementor-widget-heading\" data-id=\"50c1150\" data-element_type=\"widget\" data-e-type=\"widget\" data-widget_type=\"heading.default\">\n\t\t\t\t\t<h2 class=\"elementor-heading-title elementor-size-default\">AllaHopf<\/h2>\t\t\t\t<\/div>\n\t\t\t\t<div class=\"elementor-element elementor-element-91fd437 elementor-widget elementor-widget-text-editor\" data-id=\"91fd437\" data-element_type=\"widget\" data-e-type=\"widget\" data-widget_type=\"text-editor.default\">\n\t\t\t\t\t\t\t\t\t<p>AllaHopf es estilo de vida en un vaso.<\/p><p>Fresca, vibrante y con una pizca de ligereza \u2013 una cerveza para todos los que celebran el disfrute de forma relajada y no se toman la vida demasiado en serio.<\/p><p>Con ra\u00edces regionales, interpretada de forma moderna \u2013<\/p><p><strong>AllaHopf. Rel\u00e1jate. <\/strong><\/p>\t\t\t\t\t\t\t\t<\/div>\n\t\t\t\t<div class=\"elementor-element elementor-element-4572ade elementor-tablet-align-center elementor-align-center elementor-widget elementor-widget-button\" data-id=\"4572ade\" data-element_type=\"widget\" data-e-type=\"widget\" data-widget_type=\"button.default\">\n\t\t\t\t\t\t\t\t\t\t<a class=\"elementor-button elementor-button-link elementor-size-sm\" href=\"https:\/\/shop.woinemer-brauerei.de\/shop\/?product_cat=brauerei\">\n\t\t\t\t\t\t<span class=\"elementor-button-content-wrapper\">\n\t\t\t\t\t\t\t\t\t<span class=\"elementor-button-text\">Ir a la tienda<\/span>\n\t\t\t\t\t<\/span>\n\t\t\t\t\t<\/a>\n\t\t\t\t\t\t\t\t<\/div>\n\t\t\t\t<\/div>\n\t\t\t\t<\/div>\n\t\t\t\t<div class=\"elementor-element elementor-element-4e0247e elementor-widget elementor-widget-spacer\" data-id=\"4e0247e\" data-element_type=\"widget\" data-e-type=\"widget\" data-widget_type=\"spacer.default\">\n\t\t\t\t\t\t\t<div class=\"elementor-spacer\">\n\t\t\t<div class=\"elementor-spacer-inner\"><\/div>\n\t\t<\/div>\n\t\t\t\t\t\t<\/div>\n\t\t\t\t<div class=\"elementor-element elementor-element-e1ee47f elementor-headline--style-highlight elementor-widget elementor-widget-animated-headline\" data-id=\"e1ee47f\" data-element_type=\"widget\" data-e-type=\"widget\" data-settings=\"{&quot;marker&quot;:&quot;underline_zigzag&quot;,&quot;highlighted_text&quot;:&quot;Tu cerveza  &quot;,&quot;headline_style&quot;:&quot;highlight&quot;,&quot;loop&quot;:&quot;yes&quot;,&quot;highlight_animation_duration&quot;:1200,&quot;highlight_iteration_delay&quot;:8000}\" data-widget_type=\"animated-headline.default\">\n\t\t\t\t\t\t\t<h3 class=\"elementor-headline\">\n\t\t\t\t\t<span class=\"elementor-headline-plain-text elementor-headline-text-wrapper\">Rel\u00e1jate \u2013  <\/span>\n\t\t\t\t<span class=\"elementor-headline-dynamic-wrapper elementor-headline-text-wrapper\">\n\t\t\t\t\t<span class=\"elementor-headline-dynamic-text elementor-headline-text-active\">Tu cerveza  <\/span>\n\t\t\t\t<\/span>\n\t\t\t\t\t<span class=\"elementor-headline-plain-text elementor-headline-text-wrapper\">est\u00e1 aqu\u00ed!<\/span>\n\t\t\t\t\t<\/h3>\n\t\t\t\t\t\t<\/div>\n\t\t\t\t\t<\/div>\n\t\t\t\t<\/div>\n\t\t<div class=\"elementor-element elementor-element-c059a02 e-con-full e-flex e-con e-parent\" data-id=\"c059a02\" data-element_type=\"container\" data-e-type=\"container\" data-settings=\"{&quot;background_background&quot;:&quot;classic&quot;}\">\n\t\t\t\t<div class=\"elementor-element elementor-element-0767efc elementor-invisible elementor-widget elementor-widget-heading\" data-id=\"0767efc\" data-element_type=\"widget\" data-e-type=\"widget\" data-settings=\"{&quot;_animation&quot;:&quot;fadeInDown&quot;}\" data-widget_type=\"heading.default\">\n\t\t\t\t\t<h2 class=\"elementor-heading-title elementor-size-default\">De un vistazo<\/h2>\t\t\t\t<\/div>\n\t\t\t\t<div class=\"elementor-element elementor-element-03b9a08 elementor-widget elementor-widget-heading\" data-id=\"03b9a08\" data-element_type=\"widget\" data-e-type=\"widget\" data-widget_type=\"heading.default\">\n\t\t\t\t\t<h3 class=\"elementor-heading-title elementor-size-default\">\u00bfAd\u00f3nde quieres ir?<\/h3>\t\t\t\t<\/div>\n\t\t<div class=\"elementor-element elementor-element-b317beb e-con-full e-grid e-con e-child\" data-id=\"b317beb\" data-element_type=\"container\" data-e-type=\"container\">\n\t\t<div class=\"elementor-element elementor-element-0ac5663 e-con-full e-flex e-con e-child\" data-id=\"0ac5663\" data-element_type=\"container\" data-e-type=\"container\" data-settings=\"{&quot;background_background&quot;:&quot;classic&quot;}\">\n\t\t\t\t<div class=\"elementor-element elementor-element-81f1ef7 elementor-view-framed elementor-shape-circle elementor-invisible elementor-widget elementor-widget-icon\" data-id=\"81f1ef7\" data-element_type=\"widget\" data-e-type=\"widget\" data-settings=\"{&quot;_animation&quot;:&quot;zoomIn&quot;}\" data-widget_type=\"icon.default\">\n\t\t\t\t\t\t\t<div class=\"elementor-icon-wrapper\">\n\t\t\t<div class=\"elementor-icon\">\n\t\t\t<svg aria-hidden=\"true\" class=\"e-font-icon-svg e-fas-hand-holding-heart\" viewBox=\"0 0 576 512\" xmlns=\"http:\/\/www.w3.org\/2000\/svg\"><path d=\"M275.3 250.5c7 7.4 18.4 7.4 25.5 0l108.9-114.2c31.6-33.2 29.8-88.2-5.6-118.8-30.8-26.7-76.7-21.9-104.9 7.7L288 36.9l-11.1-11.6C248.7-4.4 202.8-9.2 172 17.5c-35.3 30.6-37.2 85.6-5.6 118.8l108.9 114.2zm290 77.6c-11.8-10.7-30.2-10-42.6 0L430.3 402c-11.3 9.1-25.4 14-40 14H272c-8.8 0-16-7.2-16-16s7.2-16 16-16h78.3c15.9 0 30.7-10.9 33.3-26.6 3.3-20-12.1-37.4-31.6-37.4H192c-27 0-53.1 9.3-74.1 26.3L71.4 384H16c-8.8 0-16 7.2-16 16v96c0 8.8 7.2 16 16 16h356.8c14.5 0 28.6-4.9 40-14L564 377c15.2-12.1 16.4-35.3 1.3-48.9z\"><\/path><\/svg>\t\t\t<\/div>\n\t\t<\/div>\n\t\t\t\t\t\t<\/div>\n\t\t\t\t<div class=\"elementor-element elementor-element-4da475b elementor-widget elementor-widget-heading\" data-id=\"4da475b\" data-element_type=\"widget\" data-e-type=\"widget\" data-widget_type=\"heading.default\">\n\t\t\t\t\t<h3 class=\"elementor-heading-title elementor-size-default\">Artesanal<\/h3>\t\t\t\t<\/div>\n\t\t\t\t<div class=\"elementor-element elementor-element-3159400 elementor-widget elementor-widget-text-editor\" data-id=\"3159400\" data-element_type=\"widget\" data-e-type=\"widget\" data-widget_type=\"text-editor.default\">\n\t\t\t\t\t\t\t\t\t<p><strong>Una aut\u00e9ntica obra maestra<\/strong><\/p><p>Con gran habilidad artesanal y sentido del buen gusto nace nuestra cerveza casera. Aqu\u00ed todav\u00eda se prueba personalmente y solo sale lo que le gusta al maestro. <\/p>\t\t\t\t\t\t\t\t<\/div>\n\t\t\t\t<\/div>\n\t\t<div class=\"elementor-element elementor-element-630bd61 e-con-full e-flex e-con e-child\" data-id=\"630bd61\" data-element_type=\"container\" data-e-type=\"container\" data-settings=\"{&quot;background_background&quot;:&quot;classic&quot;}\">\n\t\t\t\t<div class=\"elementor-element elementor-element-6cc39eb elementor-view-framed elementor-shape-circle elementor-invisible elementor-widget elementor-widget-icon\" data-id=\"6cc39eb\" data-element_type=\"widget\" data-e-type=\"widget\" data-settings=\"{&quot;_animation&quot;:&quot;zoomIn&quot;}\" data-widget_type=\"icon.default\">\n\t\t\t\t\t\t\t<div class=\"elementor-icon-wrapper\">\n\t\t\t<div class=\"elementor-icon\">\n\t\t\t<svg aria-hidden=\"true\" class=\"e-font-icon-svg e-fas-users\" viewBox=\"0 0 640 512\" xmlns=\"http:\/\/www.w3.org\/2000\/svg\"><path d=\"M96 224c35.3 0 64-28.7 64-64s-28.7-64-64-64-64 28.7-64 64 28.7 64 64 64zm448 0c35.3 0 64-28.7 64-64s-28.7-64-64-64-64 28.7-64 64 28.7 64 64 64zm32 32h-64c-17.6 0-33.5 7.1-45.1 18.6 40.3 22.1 68.9 62 75.1 109.4h66c17.7 0 32-14.3 32-32v-32c0-35.3-28.7-64-64-64zm-256 0c61.9 0 112-50.1 112-112S381.9 32 320 32 208 82.1 208 144s50.1 112 112 112zm76.8 32h-8.3c-20.8 10-43.9 16-68.5 16s-47.6-6-68.5-16h-8.3C179.6 288 128 339.6 128 403.2V432c0 26.5 21.5 48 48 48h288c26.5 0 48-21.5 48-48v-28.8c0-63.6-51.6-115.2-115.2-115.2zm-223.7-13.4C161.5 263.1 145.6 256 128 256H64c-35.3 0-64 28.7-64 64v32c0 17.7 14.3 32 32 32h65.9c6.3-47.4 34.9-87.3 75.2-109.4z\"><\/path><\/svg>\t\t\t<\/div>\n\t\t<\/div>\n\t\t\t\t\t\t<\/div>\n\t\t\t\t<div class=\"elementor-element elementor-element-3d6dcb0 elementor-widget elementor-widget-heading\" data-id=\"3d6dcb0\" data-element_type=\"widget\" data-e-type=\"widget\" data-widget_type=\"heading.default\">\n\t\t\t\t\t<h3 class=\"elementor-heading-title elementor-size-default\"><a href=\"https:\/\/plato-eventlocation.de\/\" target=\"_blank\" rel=\"noopener\">Personal<\/a><\/h3>\t\t\t\t<\/div>\n\t\t\t\t<div class=\"elementor-element elementor-element-692a4c0 elementor-widget elementor-widget-text-editor\" data-id=\"692a4c0\" data-element_type=\"widget\" data-e-type=\"widget\" data-widget_type=\"text-editor.default\">\n\t\t\t\t\t\t\t\t\t<p><strong>\u00a1Rel\u00e1jate!<\/strong><\/p><p>Una reuni\u00f3n acogedora y una cerveza Woinemer incre\u00edblemente deliciosa. Dif\u00edcilmente puede haber algo mejor. As\u00ed que rel\u00e1jate y disfruta de las personalidades \u00fanicas y la variedad del surtido de cervezas Woinemer.  <\/p>\t\t\t\t\t\t\t\t<\/div>\n\t\t\t\t<\/div>\n\t\t<div class=\"elementor-element elementor-element-300433e e-con-full e-flex e-con e-child\" data-id=\"300433e\" data-element_type=\"container\" data-e-type=\"container\" data-settings=\"{&quot;background_background&quot;:&quot;classic&quot;}\">\n\t\t\t\t<div class=\"elementor-element elementor-element-63e8c1f elementor-view-framed elementor-shape-circle elementor-invisible elementor-widget elementor-widget-icon\" data-id=\"63e8c1f\" data-element_type=\"widget\" data-e-type=\"widget\" data-settings=\"{&quot;_animation&quot;:&quot;zoomIn&quot;}\" data-widget_type=\"icon.default\">\n\t\t\t\t\t\t\t<div class=\"elementor-icon-wrapper\">\n\t\t\t<div class=\"elementor-icon\">\n\t\t\t<svg aria-hidden=\"true\" class=\"e-font-icon-svg e-fas-chess-queen\" viewBox=\"0 0 512 512\" xmlns=\"http:\/\/www.w3.org\/2000\/svg\"><path d=\"M256 112a56 56 0 1 0-56-56 56 56 0 0 0 56 56zm176 336H80a16 16 0 0 0-16 16v32a16 16 0 0 0 16 16h352a16 16 0 0 0 16-16v-32a16 16 0 0 0-16-16zm72.87-263.84l-28.51-15.92c-7.44-5-16.91-2.46-22.29 4.68a47.59 47.59 0 0 1-47.23 18.23C383.7 186.86 368 164.93 368 141.4a13.4 13.4 0 0 0-13.4-13.4h-38.77c-6 0-11.61 4-12.86 9.91a48 48 0 0 1-93.94 0c-1.25-5.92-6.82-9.91-12.86-9.91H157.4a13.4 13.4 0 0 0-13.4 13.4c0 25.69-19 48.75-44.67 50.49a47.5 47.5 0 0 1-41.54-19.15c-5.28-7.09-14.73-9.45-22.09-4.54l-28.57 16a16 16 0 0 0-5.44 20.47L104.24 416h303.52l102.55-211.37a16 16 0 0 0-5.44-20.47z\"><\/path><\/svg>\t\t\t<\/div>\n\t\t<\/div>\n\t\t\t\t\t\t<\/div>\n\t\t\t\t<div class=\"elementor-element elementor-element-2ea6142 elementor-widget elementor-widget-heading\" data-id=\"2ea6142\" data-element_type=\"widget\" data-e-type=\"widget\" data-widget_type=\"heading.default\">\n\t\t\t\t\t<h3 class=\"elementor-heading-title elementor-size-default\"><a href=\"https:\/\/shop.woinemer-brauerei.de\/\">Tradicional<\/a><\/h3>\t\t\t\t<\/div>\n\t\t\t\t<div class=\"elementor-element elementor-element-556b036 elementor-widget elementor-widget-text-editor\" data-id=\"556b036\" data-element_type=\"widget\" data-e-type=\"widget\" data-widget_type=\"text-editor.default\">\n\t\t\t\t\t\t\t\t\t<p><strong>Un original desde 1986<\/strong><\/p><p>Desde hace muchas d\u00e9cadas, el mundo disfruta de la experiencia tradicional y \u00fanica del arte cervecero Woinemer.<\/p>\t\t\t\t\t\t\t\t<\/div>\n\t\t\t\t<\/div>\n\t\t<div class=\"elementor-element elementor-element-75b1c11 e-con-full e-flex e-con e-child\" data-id=\"75b1c11\" data-element_type=\"container\" data-e-type=\"container\" data-settings=\"{&quot;background_background&quot;:&quot;classic&quot;}\">\n\t\t\t\t<div class=\"elementor-element elementor-element-2543fbf elementor-view-framed elementor-shape-circle elementor-invisible elementor-widget elementor-widget-icon\" data-id=\"2543fbf\" data-element_type=\"widget\" data-e-type=\"widget\" data-settings=\"{&quot;_animation&quot;:&quot;zoomIn&quot;}\" data-widget_type=\"icon.default\">\n\t\t\t\t\t\t\t<div class=\"elementor-icon-wrapper\">\n\t\t\t<div class=\"elementor-icon\">\n\t\t\t<svg aria-hidden=\"true\" class=\"e-font-icon-svg e-fas-map-marker-alt\" viewBox=\"0 0 384 512\" xmlns=\"http:\/\/www.w3.org\/2000\/svg\"><path d=\"M172.268 501.67C26.97 291.031 0 269.413 0 192 0 85.961 85.961 0 192 0s192 85.961 192 192c0 77.413-26.97 99.031-172.268 309.67-9.535 13.774-29.93 13.773-39.464 0zM192 272c44.183 0 80-35.817 80-80s-35.817-80-80-80-80 35.817-80 80 35.817 80 80 80z\"><\/path><\/svg>\t\t\t<\/div>\n\t\t<\/div>\n\t\t\t\t\t\t<\/div>\n\t\t\t\t<div class=\"elementor-element elementor-element-618a793 elementor-widget elementor-widget-heading\" data-id=\"618a793\" data-element_type=\"widget\" data-e-type=\"widget\" data-widget_type=\"heading.default\">\n\t\t\t\t\t<h3 class=\"elementor-heading-title elementor-size-default\"><a href=\"https:\/\/shop.woinemer-brauerei.de\/\">Regional<\/a><\/h3>\t\t\t\t<\/div>\n\t\t\t\t<div class=\"elementor-element elementor-element-d99c55d elementor-widget elementor-widget-text-editor\" data-id=\"d99c55d\" data-element_type=\"widget\" data-e-type=\"widget\" data-widget_type=\"text-editor.default\">\n\t\t\t\t\t\t\t\t\t<p><strong>En Woinem y alrededores<\/strong><\/p><p>A lo largo de la Bergstra\u00dfe, la gente quiere beber buena cerveza. \u00bfPor qu\u00e9 no una de la regi\u00f3n? Impresiona tanto a los locales como a los turistas con el mejor sabor de la naturaleza Woinemer.  <\/p>\t\t\t\t\t\t\t\t<\/div>\n\t\t\t\t<\/div>\n\t\t\t\t<\/div>\n\t\t\t\t<\/div>\n\t\t\t\t<\/div>\n\t\t","protected":false},"excerpt":{"rendered":"<p>Nuestra f\u00e1brica de cerveza La cerveza perfecta para cada gusto. Comprar ahora en la tienda bierzeit Bierzeit representa el arte cervecero honesto y el disfrute sin complicaciones. Nuestra l\u00ednea combina la tradici\u00f3n cervecera cl\u00e1sica con frescura moderna \u2013 con car\u00e1cter, equilibrada y siempre adecuada. Ya sea despu\u00e9s del trabajo, con la comida o simplemente en [&hellip;]<\/p>\n","protected":false},"author":1,"featured_media":0,"parent":0,"menu_order":0,"comment_status":"closed","ping_status":"closed","template":"elementor_header_footer","meta":{"footnotes":""},"class_list":["post-3570","page","type-page","status-publish","hentry"],"_links":{"self":[{"href":"https:\/\/woinemer-brauerei.de\/es\/wp-json\/wp\/v2\/pages\/3570","targetHints":{"allow":["GET"]}}],"collection":[{"href":"https:\/\/woinemer-brauerei.de\/es\/wp-json\/wp\/v2\/pages"}],"about":[{"href":"https:\/\/woinemer-brauerei.de\/es\/wp-json\/wp\/v2\/types\/page"}],"author":[{"embeddable":true,"href":"https:\/\/woinemer-brauerei.de\/es\/wp-json\/wp\/v2\/users\/1"}],"replies":[{"embeddable":true,"href":"https:\/\/woinemer-brauerei.de\/es\/wp-json\/wp\/v2\/comments?post=3570"}],"version-history":[{"count":1,"href":"https:\/\/woinemer-brauerei.de\/es\/wp-json\/wp\/v2\/pages\/3570\/revisions"}],"predecessor-version":[{"id":3575,"href":"https:\/\/woinemer-brauerei.de\/es\/wp-json\/wp\/v2\/pages\/3570\/revisions\/3575"}],"wp:attachment":[{"href":"https:\/\/woinemer-brauerei.de\/es\/wp-json\/wp\/v2\/media?parent=3570"}],"curies":[{"name":"wp","href":"https:\/\/api.w.org\/{rel}","templated":true}]}}