{"id":3558,"date":"2026-04-06T13:55:32","date_gmt":"2026-04-06T11:55:32","guid":{"rendered":"https:\/\/woinemer-brauerei.de\/destileria\/"},"modified":"2026-04-09T10:13:05","modified_gmt":"2026-04-09T08:13:05","slug":"destileria","status":"publish","type":"page","link":"https:\/\/woinemer-brauerei.de\/es\/destileria\/","title":{"rendered":"Destiler\u00eda"},"content":{"rendered":"\t\t<div data-elementor-type=\"wp-page\" data-elementor-id=\"3558\" class=\"elementor elementor-3558 elementor-2977\" data-elementor-post-type=\"page\">\n\t\t\t\t<div class=\"elementor-element elementor-element-559ed87 e-flex e-con-boxed e-con e-parent\" data-id=\"559ed87\" data-element_type=\"container\" data-e-type=\"container\" data-settings=\"{&quot;background_background&quot;:&quot;classic&quot;}\">\n\t\t\t\t\t<div class=\"e-con-inner\">\n\t\t\t\t\t<\/div>\n\t\t\t\t<\/div>\n\t\t<div class=\"elementor-element elementor-element-2d94c90 e-flex e-con-boxed e-con e-parent\" data-id=\"2d94c90\" data-element_type=\"container\" data-e-type=\"container\" data-settings=\"{&quot;background_background&quot;:&quot;classic&quot;}\">\n\t\t\t\t\t<div class=\"e-con-inner\">\n\t\t\t\t<div class=\"elementor-element elementor-element-6ff1055 elementor-invisible elementor-widget elementor-widget-heading\" data-id=\"6ff1055\" data-element_type=\"widget\" data-e-type=\"widget\" data-settings=\"{&quot;_animation&quot;:&quot;fadeInDown&quot;}\" data-widget_type=\"heading.default\">\n\t\t\t\t\t<h1 class=\"elementor-heading-title elementor-size-default\">Nuestra destiler\u00eda<\/h1>\t\t\t\t<\/div>\n\t\t\t\t<div class=\"elementor-element elementor-element-0105e0c elementor-widget elementor-widget-heading\" data-id=\"0105e0c\" data-element_type=\"widget\" data-e-type=\"widget\" data-widget_type=\"heading.default\">\n\t\t\t\t\t<h3 class=\"elementor-heading-title elementor-size-default\">El arte de la cerveza se encuentra con la tradici\u00f3n de la destilaci\u00f3n<\/h3>\t\t\t\t<\/div>\n\t\t\t\t<div class=\"elementor-element elementor-element-4420309 elementor-tablet-align-center elementor-widget elementor-widget-button\" data-id=\"4420309\" data-element_type=\"widget\" data-e-type=\"widget\" data-widget_type=\"button.default\">\n\t\t\t\t\t\t\t\t\t\t<a class=\"elementor-button elementor-button-link elementor-size-sm\" href=\"https:\/\/shop.woinemer-brauerei.de\/shop\/?product_cat=brennerei-2\">\n\t\t\t\t\t\t<span class=\"elementor-button-content-wrapper\">\n\t\t\t\t\t\t\t\t\t<span class=\"elementor-button-text\"> Visita ahora nuestra tienda<\/span>\n\t\t\t\t\t<\/span>\n\t\t\t\t\t<\/a>\n\t\t\t\t\t\t\t\t<\/div>\n\t\t<div class=\"elementor-element elementor-element-92962d6 e-con-full e-flex e-con e-child\" data-id=\"92962d6\" data-element_type=\"container\" data-e-type=\"container\">\n\t\t<div class=\"elementor-element elementor-element-6e73c35 e-con-full e-flex elementor-invisible e-con e-child\" data-id=\"6e73c35\" data-element_type=\"container\" data-e-type=\"container\" data-settings=\"{&quot;background_background&quot;:&quot;classic&quot;,&quot;animation&quot;:&quot;fadeInLeft&quot;,&quot;animation_mobile&quot;:&quot;none&quot;}\">\n\t\t\t\t<div class=\"elementor-element elementor-element-680aed3 elementor-widget elementor-widget-image\" data-id=\"680aed3\" data-element_type=\"widget\" data-e-type=\"widget\" data-widget_type=\"image.default\">\n\t\t\t\t\t\t\t\t\t\t\t\t\t\t\t<img fetchpriority=\"high\" decoding=\"async\" width=\"2560\" height=\"1920\" src=\"https:\/\/woinemer-brauerei.de\/wp-content\/uploads\/2026\/02\/Schnaps_Sortiment-scaled.jpg\" class=\"attachment-full size-full wp-image-3560\" alt=\"\" srcset=\"https:\/\/woinemer-brauerei.de\/wp-content\/uploads\/2026\/02\/Schnaps_Sortiment-scaled.jpg 2560w, https:\/\/woinemer-brauerei.de\/wp-content\/uploads\/2026\/02\/Schnaps_Sortiment-300x225.jpg 300w, https:\/\/woinemer-brauerei.de\/wp-content\/uploads\/2026\/02\/Schnaps_Sortiment-1024x768.jpg 1024w, https:\/\/woinemer-brauerei.de\/wp-content\/uploads\/2026\/02\/Schnaps_Sortiment-768x576.jpg 768w, https:\/\/woinemer-brauerei.de\/wp-content\/uploads\/2026\/02\/Schnaps_Sortiment-1536x1152.jpg 1536w, https:\/\/woinemer-brauerei.de\/wp-content\/uploads\/2026\/02\/Schnaps_Sortiment-2048x1536.jpg 2048w, https:\/\/woinemer-brauerei.de\/wp-content\/uploads\/2026\/02\/Schnaps_Sortiment-1320x990.jpg 1320w\" sizes=\"(max-width: 2560px) 100vw, 2560px\" \/>\t\t\t\t\t\t\t\t\t\t\t\t\t\t\t<\/div>\n\t\t\t\t<div class=\"elementor-element elementor-element-85c3f32 elementor-widget elementor-widget-heading\" data-id=\"85c3f32\" data-element_type=\"widget\" data-e-type=\"widget\" data-widget_type=\"heading.default\">\n\t\t\t\t\t<h2 class=\"elementor-heading-title elementor-size-default\">Aguardiente<\/h2>\t\t\t\t<\/div>\n\t\t\t\t<div class=\"elementor-element elementor-element-9d547b0 elementor-widget elementor-widget-text-editor\" data-id=\"9d547b0\" data-element_type=\"widget\" data-e-type=\"widget\" data-widget_type=\"text-editor.default\">\n\t\t\t\t\t\t\t\t\t<p>\u00a1Licores selectos, destilados artesanalmente!<br>Disponible en el local y en la tienda.<\/p>\t\t\t\t\t\t\t\t<\/div>\n\t\t\t\t<div class=\"elementor-element elementor-element-04c60da elementor-tablet-align-center elementor-align-center elementor-widget elementor-widget-button\" data-id=\"04c60da\" data-element_type=\"widget\" data-e-type=\"widget\" data-widget_type=\"button.default\">\n\t\t\t\t\t\t\t\t\t\t<a class=\"elementor-button elementor-button-link elementor-size-sm\" href=\"https:\/\/shop.woinemer-brauerei.de\/shop\/?product_cat=brennerei-2\">\n\t\t\t\t\t\t<span class=\"elementor-button-content-wrapper\">\n\t\t\t\t\t\t\t\t\t<span class=\"elementor-button-text\">Ir a la tienda<\/span>\n\t\t\t\t\t<\/span>\n\t\t\t\t\t<\/a>\n\t\t\t\t\t\t\t\t<\/div>\n\t\t\t\t<\/div>\n\t\t<div class=\"elementor-element elementor-element-e28b76f e-con-full e-flex elementor-invisible e-con e-child\" data-id=\"e28b76f\" data-element_type=\"container\" data-e-type=\"container\" data-settings=\"{&quot;background_background&quot;:&quot;classic&quot;,&quot;animation&quot;:&quot;fadeInRight&quot;,&quot;animation_mobile&quot;:&quot;none&quot;}\">\n\t\t\t\t<div class=\"elementor-element elementor-element-8044d13 elementor-widget elementor-widget-image\" data-id=\"8044d13\" data-element_type=\"widget\" data-e-type=\"widget\" data-widget_type=\"image.default\">\n\t\t\t\t\t\t\t\t\t\t\t\t\t\t\t<img decoding=\"async\" width=\"2560\" height=\"1920\" src=\"https:\/\/woinemer-brauerei.de\/wp-content\/uploads\/2026\/02\/Gin_Sortiment-scaled.jpg\" class=\"attachment-full size-full wp-image-3561\" alt=\"London Dry Gin \u2013 ORIGIN Gin de la Woinemer Hausbrauerei\" srcset=\"https:\/\/woinemer-brauerei.de\/wp-content\/uploads\/2026\/02\/Gin_Sortiment-scaled.jpg 2560w, https:\/\/woinemer-brauerei.de\/wp-content\/uploads\/2026\/02\/Gin_Sortiment-300x225.jpg 300w, https:\/\/woinemer-brauerei.de\/wp-content\/uploads\/2026\/02\/Gin_Sortiment-1024x768.jpg 1024w, https:\/\/woinemer-brauerei.de\/wp-content\/uploads\/2026\/02\/Gin_Sortiment-768x576.jpg 768w, https:\/\/woinemer-brauerei.de\/wp-content\/uploads\/2026\/02\/Gin_Sortiment-1536x1152.jpg 1536w, https:\/\/woinemer-brauerei.de\/wp-content\/uploads\/2026\/02\/Gin_Sortiment-2048x1536.jpg 2048w, https:\/\/woinemer-brauerei.de\/wp-content\/uploads\/2026\/02\/Gin_Sortiment-1320x990.jpg 1320w\" sizes=\"(max-width: 2560px) 100vw, 2560px\" \/>\t\t\t\t\t\t\t\t\t\t\t\t\t\t\t<\/div>\n\t\t\t\t<div class=\"elementor-element elementor-element-bb1dc5c elementor-widget elementor-widget-heading\" data-id=\"bb1dc5c\" data-element_type=\"widget\" data-e-type=\"widget\" data-widget_type=\"heading.default\">\n\t\t\t\t\t<h2 class=\"elementor-heading-title elementor-size-default\">Gin &amp; Tonic<\/h2>\t\t\t\t<\/div>\n\t\t\t\t<div class=\"elementor-element elementor-element-cadc87e elementor-widget elementor-widget-text-editor\" data-id=\"cadc87e\" data-element_type=\"widget\" data-e-type=\"widget\" data-widget_type=\"text-editor.default\">\n\t\t\t\t\t\t\t\t\t<p>\u00a1Gins y t\u00f3nicas de Weinheim!<br>Disponible en el local y en la tienda.<\/p>\t\t\t\t\t\t\t\t<\/div>\n\t\t<div class=\"elementor-element elementor-element-0c3f7fa e-con-full e-flex e-con e-child\" data-id=\"0c3f7fa\" data-element_type=\"container\" data-e-type=\"container\">\n\t\t\t\t<div class=\"elementor-element elementor-element-5c1d1b9 elementor-tablet-align-center elementor-align-center elementor-widget elementor-widget-button\" data-id=\"5c1d1b9\" data-element_type=\"widget\" data-e-type=\"widget\" data-widget_type=\"button.default\">\n\t\t\t\t\t\t\t\t\t\t<a class=\"elementor-button elementor-button-link elementor-size-sm\" href=\"https:\/\/shop.woinemer-brauerei.de\/shop\/?product_cat=origin\">\n\t\t\t\t\t\t<span class=\"elementor-button-content-wrapper\">\n\t\t\t\t\t\t\t\t\t<span class=\"elementor-button-text\">Ir a la tienda<\/span>\n\t\t\t\t\t<\/span>\n\t\t\t\t\t<\/a>\n\t\t\t\t\t\t\t\t<\/div>\n\t\t\t\t<div class=\"elementor-element elementor-element-c51100b elementor-tablet-align-center elementor-align-center elementor-widget elementor-widget-button\" data-id=\"c51100b\" data-element_type=\"widget\" data-e-type=\"widget\" data-widget_type=\"button.default\">\n\t\t\t\t\t\t\t\t\t\t<a class=\"elementor-button elementor-button-link elementor-size-sm\" href=\"https:\/\/woinemer-origin.de\/\" target=\"_blank\" rel=\"noopener\">\n\t\t\t\t\t\t<span class=\"elementor-button-content-wrapper\">\n\t\t\t\t\t\t\t\t\t<span class=\"elementor-button-text\">Ir al sitio web<\/span>\n\t\t\t\t\t<\/span>\n\t\t\t\t\t<\/a>\n\t\t\t\t\t\t\t\t<\/div>\n\t\t\t\t<\/div>\n\t\t\t\t<\/div>\n\t\t\t\t<\/div>\n\t\t\t\t<div class=\"elementor-element elementor-element-a797093 elementor-widget elementor-widget-spacer\" data-id=\"a797093\" data-element_type=\"widget\" data-e-type=\"widget\" data-widget_type=\"spacer.default\">\n\t\t\t\t\t\t\t<div class=\"elementor-spacer\">\n\t\t\t<div class=\"elementor-spacer-inner\"><\/div>\n\t\t<\/div>\n\t\t\t\t\t\t<\/div>\n\t\t\t\t<div class=\"elementor-element elementor-element-e3ce359 elementor-headline--style-highlight elementor-widget elementor-widget-animated-headline\" data-id=\"e3ce359\" data-element_type=\"widget\" data-e-type=\"widget\" data-settings=\"{&quot;marker&quot;:&quot;underline_zigzag&quot;,&quot;highlighted_text&quot;:&quot;Destilados&quot;,&quot;headline_style&quot;:&quot;highlight&quot;,&quot;loop&quot;:&quot;yes&quot;,&quot;highlight_animation_duration&quot;:1200,&quot;highlight_iteration_delay&quot;:8000}\" data-widget_type=\"animated-headline.default\">\n\t\t\t\t\t\t\t<h3 class=\"elementor-headline\">\n\t\t\t\t\t<span class=\"elementor-headline-plain-text elementor-headline-text-wrapper\">Rel\u00e1jate \u2013  <\/span>\n\t\t\t\t<span class=\"elementor-headline-dynamic-wrapper elementor-headline-text-wrapper\">\n\t\t\t\t\t<span class=\"elementor-headline-dynamic-text elementor-headline-text-active\">Destilados<\/span>\n\t\t\t\t<\/span>\n\t\t\t\t\t<span class=\"elementor-headline-plain-text elementor-headline-text-wrapper\">\u00a1est\u00e1 aqu\u00ed!<\/span>\n\t\t\t\t\t<\/h3>\n\t\t\t\t\t\t<\/div>\n\t\t\t\t\t<\/div>\n\t\t\t\t<\/div>\n\t\t\t\t<\/div>\n\t\t","protected":false},"excerpt":{"rendered":"<p>Nuestra destiler\u00eda El arte de la cerveza se encuentra con la tradici\u00f3n de la destilaci\u00f3n Visita ahora nuestra tienda Aguardiente \u00a1Licores selectos, destilados artesanalmente!Disponible en el local y en la tienda. Ir a la tienda Gin &amp; Tonic \u00a1Gins y t\u00f3nicas de Weinheim!Disponible en el local y en la tienda. Ir a la tienda Ir [&hellip;]<\/p>\n","protected":false},"author":6,"featured_media":0,"parent":0,"menu_order":0,"comment_status":"closed","ping_status":"closed","template":"elementor_header_footer","meta":{"footnotes":""},"class_list":["post-3558","page","type-page","status-publish","hentry"],"_links":{"self":[{"href":"https:\/\/woinemer-brauerei.de\/es\/wp-json\/wp\/v2\/pages\/3558","targetHints":{"allow":["GET"]}}],"collection":[{"href":"https:\/\/woinemer-brauerei.de\/es\/wp-json\/wp\/v2\/pages"}],"about":[{"href":"https:\/\/woinemer-brauerei.de\/es\/wp-json\/wp\/v2\/types\/page"}],"author":[{"embeddable":true,"href":"https:\/\/woinemer-brauerei.de\/es\/wp-json\/wp\/v2\/users\/6"}],"replies":[{"embeddable":true,"href":"https:\/\/woinemer-brauerei.de\/es\/wp-json\/wp\/v2\/comments?post=3558"}],"version-history":[{"count":1,"href":"https:\/\/woinemer-brauerei.de\/es\/wp-json\/wp\/v2\/pages\/3558\/revisions"}],"predecessor-version":[{"id":3563,"href":"https:\/\/woinemer-brauerei.de\/es\/wp-json\/wp\/v2\/pages\/3558\/revisions\/3563"}],"wp:attachment":[{"href":"https:\/\/woinemer-brauerei.de\/es\/wp-json\/wp\/v2\/media?parent=3558"}],"curies":[{"name":"wp","href":"https:\/\/api.w.org\/{rel}","templated":true}]}}